{"id":2683,"date":"2024-09-30T09:40:24","date_gmt":"2024-09-30T07:40:24","guid":{"rendered":"https:\/\/association-osteo-swiss.ch\/anzeigen\/"},"modified":"2025-02-25T10:22:03","modified_gmt":"2025-02-25T09:22:03","slug":"anzeigen","status":"publish","type":"page","link":"https:\/\/association-osteo-swiss.ch\/de\/anzeigen\/","title":{"rendered":"Anzeigen"},"content":{"rendered":"\t\t<div data-elementor-type=\"wp-page\" data-elementor-id=\"2683\" class=\"elementor elementor-2683 elementor-2237\" data-elementor-post-type=\"page\">\n\t\t\t\t<div class=\"elementor-element elementor-element-4aa53c3 e-flex e-con-boxed e-con e-parent\" data-id=\"4aa53c3\" data-element_type=\"container\" data-settings=\"{&quot;background_background&quot;:&quot;classic&quot;}\">\n\t\t\t\t\t<div class=\"e-con-inner\">\n\t\t\t\t<div class=\"elementor-element elementor-element-d3dfb90 elementor-widget elementor-widget-spacer\" data-id=\"d3dfb90\" data-element_type=\"widget\" data-widget_type=\"spacer.default\">\n\t\t\t\t<div class=\"elementor-widget-container\">\n\t\t\t\t\t<div class=\"elementor-spacer\">\n\t\t\t<div class=\"elementor-spacer-inner\"><\/div>\n\t\t<\/div>\n\t\t\t\t<\/div>\n\t\t\t\t<\/div>\n\t\t\t\t<div class=\"elementor-element elementor-element-5df05d8 elementor-widget elementor-widget-heading\" data-id=\"5df05d8\" data-element_type=\"widget\" data-widget_type=\"heading.default\">\n\t\t\t\t<div class=\"elementor-widget-container\">\n\t\t\t<h2 class=\"elementor-heading-title elementor-size-default\">Unsere Anzeigen<\/h2>\t\t<\/div>\n\t\t\t\t<\/div>\n\t\t\t\t<div class=\"elementor-element elementor-element-896c000 elementor-widget elementor-widget-text-editor\" data-id=\"896c000\" data-element_type=\"widget\" data-widget_type=\"text-editor.default\">\n\t\t\t\t<div class=\"elementor-widget-container\">\n\t\t\t\t\t\t\t<p>Ob Sie nun einen Raum mieten, Spezialmaterial verkaufen oder Dienstleistungen anbieten m\u00f6chten, hier finden Sie alle Angebote und Nachfragen des Sektors. Verpassen Sie nicht die Gelegenheit, ein gutes Gesch\u00e4ft zu machen und die osteopathische Gemeinschaft zu unterst\u00fctzen. <\/p>\n\t\t\t\t\t\t<\/div>\n\t\t\t\t<\/div>\n\t\t\t\t\t<\/div>\n\t\t\t\t<\/div>\n\t\t<div class=\"elementor-element elementor-element-61d1d9a e-flex e-con-boxed e-con e-parent\" data-id=\"61d1d9a\" data-element_type=\"container\">\n\t\t\t\t\t<div class=\"e-con-inner\">\n\t\t<div class=\"elementor-element elementor-element-0c43d7d e-con-full e-flex e-con e-child\" data-id=\"0c43d7d\" data-element_type=\"container\" data-settings=\"{&quot;background_background&quot;:&quot;classic&quot;}\">\n\t\t\t\t<div class=\"elementor-element elementor-element-a2e8d19 elementor-grid-tablet-2 elementor-grid-4 elementor-grid-mobile-1 elementor-widget elementor-widget-loop-grid\" data-id=\"a2e8d19\" data-element_type=\"widget\" data-settings=\"{&quot;template_id&quot;:2590,&quot;columns_tablet&quot;:2,&quot;columns&quot;:4,&quot;_skin&quot;:&quot;post&quot;,&quot;columns_mobile&quot;:&quot;1&quot;,&quot;edit_handle_selector&quot;:&quot;[data-elementor-type=\\&quot;loop-item\\&quot;]&quot;,&quot;row_gap&quot;:{&quot;unit&quot;:&quot;px&quot;,&quot;size&quot;:&quot;&quot;,&quot;sizes&quot;:[]},&quot;row_gap_tablet_extra&quot;:{&quot;unit&quot;:&quot;px&quot;,&quot;size&quot;:&quot;&quot;,&quot;sizes&quot;:[]},&quot;row_gap_tablet&quot;:{&quot;unit&quot;:&quot;px&quot;,&quot;size&quot;:&quot;&quot;,&quot;sizes&quot;:[]},&quot;row_gap_mobile&quot;:{&quot;unit&quot;:&quot;px&quot;,&quot;size&quot;:&quot;&quot;,&quot;sizes&quot;:[]}}\" data-widget_type=\"loop-grid.post\">\n\t\t\t\t<div class=\"elementor-widget-container\">\n\t\t\t\t\t<div class=\"elementor-loop-container elementor-grid\">\n\t\t<style id=\"loop-2590\">.elementor-2590 .elementor-element.elementor-element-7bd7900{--display:flex;--flex-direction:column;--container-widget-width:100%;--container-widget-height:initial;--container-widget-flex-grow:0;--container-widget-align-self:initial;--flex-wrap-mobile:wrap;--justify-content:flex-start;--gap:12px 12px;--background-transition:0.3s;--border-radius:10px 10px 10px 10px;--padding-top:15px;--padding-bottom:15px;--padding-left:15px;--padding-right:15px;}.elementor-2590 .elementor-element.elementor-element-7bd7900:not(.elementor-motion-effects-element-type-background), .elementor-2590 .elementor-element.elementor-element-7bd7900 > .elementor-motion-effects-container > .elementor-motion-effects-layer{background-color:var( --e-global-color-text );}.elementor-2590 .elementor-element.elementor-element-7bd7900, .elementor-2590 .elementor-element.elementor-element-7bd7900::before{--border-transition:0.3s;}.elementor-2590 .elementor-element.elementor-element-a5077e9 .elementor-button{background-color:var( --e-global-color-text );font-family:var( --e-global-typography-eb25d6b-font-family ), Sans-serif;font-size:var( --e-global-typography-eb25d6b-font-size );font-weight:var( --e-global-typography-eb25d6b-font-weight );line-height:var( --e-global-typography-eb25d6b-line-height );letter-spacing:var( --e-global-typography-eb25d6b-letter-spacing );word-spacing:var( --e-global-typography-eb25d6b-word-spacing );fill:var( --e-global-color-80d0837 );color:var( --e-global-color-80d0837 );border-style:none;border-radius:50px 50px 50px 50px;padding:10px 10px 10px 10px;}body:not(.rtl) .elementor-2590 .elementor-element.elementor-element-a5077e9{left:25px;}body.rtl .elementor-2590 .elementor-element.elementor-element-a5077e9{right:25px;}.elementor-2590 .elementor-element.elementor-element-a5077e9{top:25px;z-index:2;}.elementor-2590 .elementor-element.elementor-element-15eb599 img{width:120%;height:250px;object-fit:cover;object-position:center center;border-radius:10px 10px 10px 10px;}.elementor-2590 .elementor-element.elementor-element-69b9b3b{--display:flex;--justify-content:space-between;--gap:10px 10px;--background-transition:0.3s;--padding-top:0px;--padding-bottom:0px;--padding-left:0px;--padding-right:0px;}.elementor-2590 .elementor-element.elementor-element-69b9b3b.e-con{--align-self:flex-end;--flex-grow:1;--flex-shrink:0;}.elementor-2590 .elementor-element.elementor-element-f297f31{color:var( --e-global-color-80d0837 );font-family:var( --e-global-typography-eb25d6b-font-family ), Sans-serif;font-size:var( --e-global-typography-eb25d6b-font-size );font-weight:var( --e-global-typography-eb25d6b-font-weight );line-height:var( --e-global-typography-eb25d6b-line-height );letter-spacing:var( --e-global-typography-eb25d6b-letter-spacing );word-spacing:var( --e-global-typography-eb25d6b-word-spacing );}.elementor-2590 .elementor-element.elementor-element-5b7bd98{color:var( --e-global-color-primary );font-family:\"Inter\", Sans-serif;font-size:2rem;font-weight:600;}.elementor-2590 .elementor-element.elementor-element-65ed909.elementor-element{--align-self:flex-end;}.elementor-2590 .elementor-element.elementor-element-65ed909 .elementor-icon-wrapper{text-align:center;}@media(min-width:768px){.elementor-2590 .elementor-element.elementor-element-7bd7900{--content-width:475px;}}@media(max-width:1024px){.elementor-2590 .elementor-element.elementor-element-a5077e9 .elementor-button{font-size:var( --e-global-typography-eb25d6b-font-size );line-height:var( --e-global-typography-eb25d6b-line-height );letter-spacing:var( --e-global-typography-eb25d6b-letter-spacing );word-spacing:var( --e-global-typography-eb25d6b-word-spacing );}.elementor-2590 .elementor-element.elementor-element-f297f31{font-size:var( --e-global-typography-eb25d6b-font-size );line-height:var( --e-global-typography-eb25d6b-line-height );letter-spacing:var( --e-global-typography-eb25d6b-letter-spacing );word-spacing:var( --e-global-typography-eb25d6b-word-spacing );}}@media(max-width:767px){.elementor-2590 .elementor-element.elementor-element-a5077e9 .elementor-button{font-size:var( --e-global-typography-eb25d6b-font-size );line-height:var( --e-global-typography-eb25d6b-line-height );letter-spacing:var( --e-global-typography-eb25d6b-letter-spacing );word-spacing:var( --e-global-typography-eb25d6b-word-spacing );}.elementor-2590 .elementor-element.elementor-element-f297f31{font-size:var( --e-global-typography-eb25d6b-font-size );line-height:var( --e-global-typography-eb25d6b-line-height );letter-spacing:var( --e-global-typography-eb25d6b-letter-spacing );word-spacing:var( --e-global-typography-eb25d6b-word-spacing );}}\/* Start custom CSS for container, class: .elementor-element-7bd7900 *\/.elementor-2590 .elementor-element.elementor-element-7bd7900 {\n    box-shadow: 0px 4px 56.4px 3px rgba(0, 0, 0, 0.10);\n    max-width: 475px !important;\n}\/* End custom CSS *\/<\/style>\t\t<div data-elementor-type=\"loop-item\" data-elementor-id=\"2590\" class=\"elementor elementor-2590 elementor-2249 elementor-2249 e-loop-item e-loop-item-3738 post-3738 annonce type-annonce status-publish has-post-thumbnail hentry\" data-elementor-post-type=\"elementor_library\" data-custom-edit-handle=\"1\">\n\t\t\t<div class=\"elementor-element elementor-element-7bd7900 e-flex e-con-boxed e-con e-parent\" data-id=\"7bd7900\" data-element_type=\"container\" data-settings=\"{&quot;background_background&quot;:&quot;classic&quot;}\">\n\t\t\t\t\t<div class=\"e-con-inner\">\n\t\t\t\t<div class=\"elementor-element elementor-element-a5077e9 elementor-button-info elementor-absolute elementor-widget elementor-widget-button\" data-id=\"a5077e9\" data-element_type=\"widget\" data-settings=\"{&quot;_position&quot;:&quot;absolute&quot;}\" data-widget_type=\"button.default\">\n\t\t\t\t<div class=\"elementor-widget-container\">\n\t\t\t\t\t<div class=\"elementor-button-wrapper\">\n\t\t\t<a class=\"elementor-button elementor-size-sm\" role=\"button\">\n\t\t\t\t\t\t<span class=\"elementor-button-content-wrapper\">\n\t\t\t\t\t\t\t\t\t<span class=\"elementor-button-text\">Anzeige<\/span>\n\t\t\t\t\t<\/span>\n\t\t\t\t\t<\/a>\n\t\t<\/div>\n\t\t\t\t<\/div>\n\t\t\t\t<\/div>\n\t\t\t\t<div class=\"elementor-element elementor-element-15eb599 elementor-widget elementor-widget-image\" data-id=\"15eb599\" data-element_type=\"widget\" data-widget_type=\"image.default\">\n\t\t\t\t<div class=\"elementor-widget-container\">\n\t\t\t\t\t\t\t\t\t\t\t\t\t<img fetchpriority=\"high\" decoding=\"async\" width=\"635\" height=\"327\" src=\"https:\/\/association-osteo-swiss.ch\/wp-content\/uploads\/2024\/12\/Fotolia_89978767_XS-copie1-2.jpg\" class=\"attachment-full size-full wp-image-2940\" alt=\"\" srcset=\"https:\/\/association-osteo-swiss.ch\/wp-content\/uploads\/2024\/12\/Fotolia_89978767_XS-copie1-2.jpg 635w, https:\/\/association-osteo-swiss.ch\/wp-content\/uploads\/2024\/12\/Fotolia_89978767_XS-copie1-2-300x154.jpg 300w\" sizes=\"(max-width: 635px) 100vw, 635px\" \/>\t\t\t\t\t\t\t\t\t\t\t\t\t<\/div>\n\t\t\t\t<\/div>\n\t\t<div class=\"elementor-element elementor-element-69b9b3b e-con-full e-flex e-con e-child\" data-id=\"69b9b3b\" data-element_type=\"container\">\n\t\t\t\t<div class=\"elementor-element elementor-element-f297f31 elementor-widget elementor-widget-text-editor\" data-id=\"f297f31\" data-element_type=\"widget\" data-widget_type=\"text-editor.default\">\n\t\t\t\t<div class=\"elementor-widget-container\">\n\t\t\t\t\t\t\t20. April 2026\t\t\t\t\t\t<\/div>\n\t\t\t\t<\/div>\n\t\t\t\t<div class=\"elementor-element elementor-element-5b7bd98 elementor-widget elementor-widget-text-editor\" data-id=\"5b7bd98\" data-element_type=\"widget\" data-widget_type=\"text-editor.default\">\n\t\t\t\t<div class=\"elementor-widget-container\">\n\t\t\t\t\t\t\tSous Location Lausanne (VD)\t\t\t\t\t\t<\/div>\n\t\t\t\t<\/div>\n\t\t\t\t<div class=\"elementor-element elementor-element-65ed909 elementor-view-default elementor-widget elementor-widget-icon\" data-id=\"65ed909\" data-element_type=\"widget\" data-widget_type=\"icon.default\">\n\t\t\t\t<div class=\"elementor-widget-container\">\n\t\t\t\t\t<div class=\"elementor-icon-wrapper\">\n\t\t\t<a class=\"elementor-icon\" href=\"https:\/\/association-osteo-swiss.ch\/de\/annonce\/sous-location-lausanne-vd\/\">\n\t\t\t<svg xmlns=\"http:\/\/www.w3.org\/2000\/svg\" width=\"37\" height=\"37\" viewBox=\"0 0 37 37\" fill=\"none\"><circle cx=\"18.5\" cy=\"18.5\" r=\"18.5\" fill=\"#FAFAFC\"><\/circle><path d=\"M24.8485 17.6556C25.1495 17.9566 25.1495 18.4409 24.8485 18.7419L19.4168 24.1736C19.1158 24.4746 18.6314 24.4746 18.3304 24.1736C18.0294 23.8726 18.0294 23.3883 18.3304 23.0873L22.4517 18.966L11.9935 18.9682C11.568 18.9682 11.224 18.6242 11.2263 18.201C11.2285 17.7778 11.5703 17.4315 11.9935 17.4338L22.4495 17.4338L18.3282 13.3125C18.0272 13.0115 18.0272 12.5272 18.3282 12.2262C18.6292 11.9252 19.1135 11.9252 19.4145 12.2262L24.8462 17.6578L24.8485 17.6556Z\" fill=\"#9BD7FF\"><\/path><\/svg>\t\t\t<\/a>\n\t\t<\/div>\n\t\t\t\t<\/div>\n\t\t\t\t<\/div>\n\t\t\t\t<\/div>\n\t\t\t\t\t<\/div>\n\t\t\t\t<\/div>\n\t\t\t\t<\/div>\n\t\t\t\t<\/div>\n\t\t\n\t\t\t\t<\/div>\n\t\t\t\t<\/div>\n\t\t\t\t<\/div>\n\t\t\t\t\t<\/div>\n\t\t\t\t<\/div>\n\t\t<div class=\"elementor-element elementor-element-a52745c e-flex e-con-boxed e-con e-parent\" data-id=\"a52745c\" data-element_type=\"container\" data-settings=\"{&quot;background_background&quot;:&quot;classic&quot;}\">\n\t\t\t\t\t<div class=\"e-con-inner\">\n\t\t<div class=\"elementor-element elementor-element-b905c71 e-con-full e-flex e-con e-child\" data-id=\"b905c71\" data-element_type=\"container\" data-settings=\"{&quot;background_background&quot;:&quot;classic&quot;}\">\n\t\t<div class=\"elementor-element elementor-element-f5e974a e-con-full e-flex e-con e-child\" data-id=\"f5e974a\" data-element_type=\"container\">\n\t\t\t\t<div class=\"elementor-element elementor-element-b7fed06 elementor-widget elementor-widget-text-editor\" data-id=\"b7fed06\" data-element_type=\"widget\" data-widget_type=\"text-editor.default\">\n\t\t\t\t<div class=\"elementor-widget-container\">\n\t\t\t\t\t\t\t<p><strong>Bedingungen<\/strong><\/p>\n<p>Preis f\u00fcr die Ver\u00f6ffentlichung einer Anzeige :<\/p>\n<p><em>Mitglied:<\/em> kostenlos<\/p>\n<p><em>Nicht-Mitglied:<\/em> 50 CHF<\/p>\n\t\t\t\t\t\t<\/div>\n\t\t\t\t<\/div>\n\t\t\t\t<div class=\"elementor-element elementor-element-7edce05 elementor-widget elementor-widget-button\" data-id=\"7edce05\" data-element_type=\"widget\" data-widget_type=\"button.default\">\n\t\t\t\t<div class=\"elementor-widget-container\">\n\t\t\t\t\t<div class=\"elementor-button-wrapper\">\n\t\t\t<a class=\"elementor-button elementor-button-link elementor-size-sm\" href=\"mailto:secretariat@association-osteo-swiss.ch\">\n\t\t\t\t\t\t<span class=\"elementor-button-content-wrapper\">\n\t\t\t\t\t\t<span class=\"elementor-button-icon\">\n\t\t\t\t<svg xmlns=\"http:\/\/www.w3.org\/2000\/svg\" width=\"13\" height=\"13\" viewBox=\"0 0 13 13\" fill=\"none\"><g id=\"Frame\"><path id=\"Vector\" d=\"M5 2.75L8.75 6.5L5 10.25\" stroke=\"#1E1E1E\" stroke-width=\"1.44\" stroke-linecap=\"round\" stroke-linejoin=\"round\"><\/path><\/g><\/svg>\t\t\t<\/span>\n\t\t\t\t\t\t\t\t\t<span class=\"elementor-button-text\">Anzeige senden<\/span>\n\t\t\t\t\t<\/span>\n\t\t\t\t\t<\/a>\n\t\t<\/div>\n\t\t\t\t<\/div>\n\t\t\t\t<\/div>\n\t\t\t\t<div class=\"elementor-element elementor-element-823e1bb elementor-widget elementor-widget-text-editor\" data-id=\"823e1bb\" data-element_type=\"widget\" data-widget_type=\"text-editor.default\">\n\t\t\t\t<div class=\"elementor-widget-container\">\n\t\t\t\t\t\t\t<p><em>Die Anzeige wird 3 Monate lang angezeigt<\/em><\/p>\n<p><em>Die Anzeige muss erst zur Ver\u00f6ffentlichung freigegeben werden.<\/em><\/p>\n<p><em>Die Anzeige wird nach Eingang der Zahlung ver\u00f6ffentlicht.<\/em><\/p>\n\t\t\t\t\t\t<\/div>\n\t\t\t\t<\/div>\n\t\t\t\t<\/div>\n\t\t<div class=\"elementor-element elementor-element-892c090 e-con-full e-flex e-con e-child\" data-id=\"892c090\" data-element_type=\"container\">\n\t\t\t\t<div class=\"elementor-element elementor-element-843b0dd elementor-widget elementor-widget-text-editor\" data-id=\"843b0dd\" data-element_type=\"widget\" data-widget_type=\"text-editor.default\">\n\t\t\t\t<div class=\"elementor-widget-container\">\n\t\t\t\t\t\t\t<p><strong>Bankverbindung<\/strong><\/p>\n<\/p>\n<p>OSTEO-SWISS<\/p>\n<p>Chemin des Clochetons 4 bis<\/p>\n<p>1004 Lausanne<\/p>\n<\/p>\n<p>IBAN: CH85 0900 0000 1716 8522 1<\/p>\n<p>Kontonummer: 17-168522-1<\/p>\n<p>BIC POFICHBEXXX<\/p>\n\t\t\t\t\t\t<\/div>\n\t\t\t\t<\/div>\n\t\t\t\t<\/div>\n\t\t\t\t<\/div>\n\t\t\t\t\t<\/div>\n\t\t\t\t<\/div>\n\t\t\t\t<\/div>\n\t\t","protected":false},"excerpt":{"rendered":"<p>Unsere Anzeigen Ob Sie nun einen Raum mieten, Spezialmaterial verkaufen oder Dienstleistungen anbieten m\u00f6chten, hier finden Sie alle Angebote und Nachfragen des Sektors. Verpassen Sie nicht die Gelegenheit, ein gutes Gesch\u00e4ft zu machen und die osteopathische Gemeinschaft zu unterst\u00fctzen. Bedingungen Preis f\u00fcr die Ver\u00f6ffentlichung einer Anzeige : Mitglied: kostenlos Nicht-Mitglied: 50 CHF Anzeige senden Die [&hellip;]<\/p>\n","protected":false},"author":1,"featured_media":0,"parent":0,"menu_order":0,"comment_status":"closed","ping_status":"closed","template":"","meta":{"_acf_changed":false,"footnotes":""},"class_list":["post-2683","page","type-page","status-publish","hentry"],"acf":[],"_links":{"self":[{"href":"https:\/\/association-osteo-swiss.ch\/de\/wp-json\/wp\/v2\/pages\/2683","targetHints":{"allow":["GET"]}}],"collection":[{"href":"https:\/\/association-osteo-swiss.ch\/de\/wp-json\/wp\/v2\/pages"}],"about":[{"href":"https:\/\/association-osteo-swiss.ch\/de\/wp-json\/wp\/v2\/types\/page"}],"author":[{"embeddable":true,"href":"https:\/\/association-osteo-swiss.ch\/de\/wp-json\/wp\/v2\/users\/1"}],"replies":[{"embeddable":true,"href":"https:\/\/association-osteo-swiss.ch\/de\/wp-json\/wp\/v2\/comments?post=2683"}],"version-history":[{"count":3,"href":"https:\/\/association-osteo-swiss.ch\/de\/wp-json\/wp\/v2\/pages\/2683\/revisions"}],"predecessor-version":[{"id":3048,"href":"https:\/\/association-osteo-swiss.ch\/de\/wp-json\/wp\/v2\/pages\/2683\/revisions\/3048"}],"wp:attachment":[{"href":"https:\/\/association-osteo-swiss.ch\/de\/wp-json\/wp\/v2\/media?parent=2683"}],"curies":[{"name":"wp","href":"https:\/\/api.w.org\/{rel}","templated":true}]}}