{"id":3158,"date":"2025-02-25T10:30:30","date_gmt":"2025-02-25T09:30:30","guid":{"rendered":"https:\/\/association-osteo-swiss.ch\/club-zeitung\/"},"modified":"2025-04-16T12:59:47","modified_gmt":"2025-04-16T10:59:47","slug":"club-zeitung","status":"publish","type":"page","link":"https:\/\/association-osteo-swiss.ch\/de\/club-zeitung\/","title":{"rendered":"Club Zeitung"},"content":{"rendered":"\t\t<div data-elementor-type=\"wp-page\" data-elementor-id=\"3158\" class=\"elementor elementor-3158 elementor-3142\" data-elementor-post-type=\"page\">\n\t\t\t\t<div class=\"elementor-element elementor-element-ba58eda e-flex e-con-boxed e-con e-parent\" data-id=\"ba58eda\" data-element_type=\"container\">\n\t\t\t\t\t<div class=\"e-con-inner\">\n\t\t\t\t<div class=\"elementor-element elementor-element-2bb9a51 elementor-widget elementor-widget-spacer\" data-id=\"2bb9a51\" data-element_type=\"widget\" data-widget_type=\"spacer.default\">\n\t\t\t\t<div class=\"elementor-widget-container\">\n\t\t\t\t\t<div class=\"elementor-spacer\">\n\t\t\t<div class=\"elementor-spacer-inner\"><\/div>\n\t\t<\/div>\n\t\t\t\t<\/div>\n\t\t\t\t<\/div>\n\t\t\t\t\t<\/div>\n\t\t\t\t<\/div>\n\t\t<div class=\"elementor-element elementor-element-73d73a9 e-flex e-con-boxed e-con e-parent\" data-id=\"73d73a9\" data-element_type=\"container\" data-settings=\"{&quot;background_background&quot;:&quot;classic&quot;}\">\n\t\t\t\t\t<div class=\"e-con-inner\">\n\t\t\t\t<div class=\"elementor-element elementor-element-7c55948 elementor-widget elementor-widget-heading\" data-id=\"7c55948\" data-element_type=\"widget\" data-widget_type=\"heading.default\">\n\t\t\t\t<div class=\"elementor-widget-container\">\n\t\t\t<h2 class=\"elementor-heading-title elementor-size-default\">Club Zeitung<\/h2>\t\t<\/div>\n\t\t\t\t<\/div>\n\t\t\t\t<div class=\"elementor-element elementor-element-2c1c0a4 elementor-widget__width-initial elementor-widget elementor-widget-text-editor\" data-id=\"2c1c0a4\" data-element_type=\"widget\" data-widget_type=\"text-editor.default\">\n\t\t\t\t<div class=\"elementor-widget-container\">\n\t\t\t\t\t\t\t<p>Im Rahmen seines Engagements f\u00fcr die Weiterentwicklung der Praxis der Manuellen Therapie freut sich Osteo Swiss, die Gr\u00fcndung eines <strong>Journal Clubs<\/strong> bekannt geben zu k\u00f6nnen. Ziel dieses Projekts ist es, relevante wissenschaftliche Artikel zu ver\u00f6ffentlichen, die unsere klinische Praxis bereichern. <\/p><p> <\/p><h3 class=\"wp-block-heading\">Ziele des Journal Clubs :<\/h3><ul class=\"wp-block-list\"><li><strong>Wissen austauschen<\/strong>: Bieten Sie einen Raum f\u00fcr die Reflexion \u00fcber neue oder unumg\u00e4ngliche Ver\u00f6ffentlichungen in der manuellen Therapie.<\/li><li><strong>Anleitung zur klinischen Praxis<\/strong>: Diskussion \u00fcber die praktische Anwendung wissenschaftlicher Ergebnisse zur Verbesserung der Patientenversorgung.<\/li><li><strong>Wissenschaftliche Lekt\u00fcre zug\u00e4nglich machen<\/strong>: Bereitstellung eines p\u00e4dagogischen Formats, das den Teilnehmern, auch denjenigen, die weniger daran gew\u00f6hnt sind, wissenschaftliche Artikel zu lesen, hilft, sich dieses Wissen anzueignen.<\/li><\/ul>\t\t\t\t\t\t<\/div>\n\t\t\t\t<\/div>\n\t\t\t\t<div class=\"elementor-element elementor-element-3919cf3 elementor-align-left elementor-widget elementor-widget-button\" data-id=\"3919cf3\" data-element_type=\"widget\" data-widget_type=\"button.default\">\n\t\t\t\t<div class=\"elementor-widget-container\">\n\t\t\t\t\t<div class=\"elementor-button-wrapper\">\n\t\t\t<a class=\"elementor-button elementor-button-link elementor-size-sm\" href=\"https:\/\/association-osteo-swiss.ch\/de\/beitritt-zum-journal-club\/\">\n\t\t\t\t\t\t<span class=\"elementor-button-content-wrapper\">\n\t\t\t\t\t\t<span class=\"elementor-button-icon\">\n\t\t\t\t<svg xmlns=\"http:\/\/www.w3.org\/2000\/svg\" width=\"15\" height=\"16\" viewBox=\"0 0 15 16\" fill=\"none\"><g id=\"Group 2\"><path id=\"Vector\" d=\"M13.9402 7.45526C14.2413 7.75627 14.2413 8.24059 13.9402 8.5416L8.50857 13.9733C8.20757 14.2743 7.72325 14.2743 7.42224 13.9733C7.12123 13.6723 7.12124 13.1879 7.42224 12.8869L11.5435 8.76566L1.08529 8.76792C0.659807 8.76792 0.315801 8.42391 0.318064 8.00069C0.320327 7.57748 0.66207 7.23121 1.08529 7.23347L11.5413 7.23347L7.41998 3.11219C7.11897 2.81118 7.11897 2.32686 7.41998 2.02585C7.72098 1.72485 8.20531 1.72485 8.50631 2.02585L13.938 7.45753L13.9402 7.45526Z\" fill=\"white\"><\/path><\/g><\/svg>\t\t\t<\/span>\n\t\t\t\t\t\t\t\t\t<span class=\"elementor-button-text\">Dem Journal Club beitreten<\/span>\n\t\t\t\t\t<\/span>\n\t\t\t\t\t<\/a>\n\t\t<\/div>\n\t\t\t\t<\/div>\n\t\t\t\t<\/div>\n\t\t\t\t\t<\/div>\n\t\t\t\t<\/div>\n\t\t<div class=\"elementor-element elementor-element-276466a e-flex e-con-boxed e-con e-parent\" data-id=\"276466a\" data-element_type=\"container\" data-settings=\"{&quot;background_background&quot;:&quot;classic&quot;}\">\n\t\t\t\t\t<div class=\"e-con-inner\">\n\t\t\t\t<div class=\"elementor-element elementor-element-0156d3f elementor-widget__width-inherit elementor-hidden-desktop elementor-hidden-tablet_extra elementor-hidden-tablet elementor-hidden-mobile elementor-widget elementor-widget-shortcode\" data-id=\"0156d3f\" data-element_type=\"widget\" data-widget_type=\"shortcode.default\">\n\t\t\t\t<div class=\"elementor-widget-container\">\n\t\t\t\t\t<div class=\"elementor-shortcode\"><div class=\"epyt-gallery\" data-currpage=\"1\" id=\"epyt_gallery_98710\"><div class=\"epyt-video-wrapper\"><iframe  id=\"_ytid_61706\"  width=\"800\" height=\"450\"  data-origwidth=\"800\" data-origheight=\"450\"  data-relstop=\"1\" src=\"https:\/\/www.youtube.com\/embed\/L1XrIcfjxAY?enablejsapi=1&autoplay=0&cc_load_policy=0&iv_load_policy=1&loop=0&modestbranding=1&fs=1&playsinline=0&controls=1&color=red&cc_lang_pref=&rel=0&autohide=2&theme=dark&\" class=\"__youtube_prefs__  no-lazyload\" title=\"YouTube player\"  data-epytgalleryid=\"epyt_gallery_98710\"  allow=\"fullscreen; accelerometer; autoplay; clipboard-write; encrypted-media; gyroscope; picture-in-picture\" allowfullscreen data-no-lazy=\"1\" data-skipgform_ajax_framebjll=\"\"><\/iframe><\/div><div class=\"epyt-gallery-list\"><div class=\"epyt-pagination \"><div tabindex=\"0\" role=\"button\" class=\"epyt-pagebutton epyt-prev  hide \" data-playlistid=\"UUIofAvAvN1yg65nW_4-OUFA\" data-pagesize=\"5\" data-pagetoken=\"\" data-epcolumns=\"3\" data-showtitle=\"1\" data-showpaging=\"1\" data-autonext=\"0\" data-thumbplay=\"1\"><div class=\"epyt-arrow\">&laquo;<\/div> <div>Prev<\/div><\/div><div class=\"epyt-pagenumbers hide\"><div class=\"epyt-current\">1<\/div><div class=\"epyt-pageseparator\"> \/ <\/div><div class=\"epyt-totalpages\">1<\/div><\/div><div tabindex=\"0\" role=\"button\" class=\"epyt-pagebutton epyt-next hide \" data-playlistid=\"UUIofAvAvN1yg65nW_4-OUFA\" data-pagesize=\"5\" data-pagetoken=\"\" data-epcolumns=\"3\" data-showtitle=\"1\" data-showpaging=\"1\" data-autonext=\"0\" data-thumbplay=\"1\"><div>Next<\/div> <div class=\"epyt-arrow\">&raquo;<\/div><\/div><div class=\"epyt-loader\"><img decoding=\"async\" alt=\"loading\" width=\"16\" height=\"11\" src=\"https:\/\/association-osteo-swiss.ch\/wp-content\/plugins\/youtube-embed-plus\/images\/gallery-page-loader.gif\"><\/div><\/div><div class=\"epyt-gallery-allthumbs  epyt-cols-3 \"><div tabindex=\"0\" role=\"button\" data-videoid=\"L1XrIcfjxAY\" class=\"epyt-gallery-thumb\"><div class=\"epyt-gallery-img-box\"><div class=\"epyt-gallery-img\" style=\"background-image: url(https:\/\/i.ytimg.com\/vi\/L1XrIcfjxAY\/hqdefault_live.jpg)\"><div class=\"epyt-gallery-playhover\"><img decoding=\"async\" alt=\"play\" class=\"epyt-play-img\" width=\"30\" height=\"23\" src=\"https:\/\/association-osteo-swiss.ch\/wp-content\/plugins\/youtube-embed-plus\/images\/playhover.png\" data-no-lazy=\"1\" data-skipgform_ajax_framebjll=\"\" \/><div class=\"epyt-gallery-playcrutch\"><\/div><\/div><\/div><\/div><div class=\"epyt-gallery-title\">Journal Club Ost\u00e9o-Swiss  #2<\/div><\/div><div tabindex=\"0\" role=\"button\" data-videoid=\"Lgz4Fp_RmV8\" class=\"epyt-gallery-thumb\"><div class=\"epyt-gallery-img-box\"><div class=\"epyt-gallery-img\" style=\"background-image: url(https:\/\/i.ytimg.com\/vi\/Lgz4Fp_RmV8\/hqdefault.jpg)\"><div class=\"epyt-gallery-playhover\"><img decoding=\"async\" alt=\"play\" class=\"epyt-play-img\" width=\"30\" height=\"23\" src=\"https:\/\/association-osteo-swiss.ch\/wp-content\/plugins\/youtube-embed-plus\/images\/playhover.png\" data-no-lazy=\"1\" data-skipgform_ajax_framebjll=\"\" \/><div class=\"epyt-gallery-playcrutch\"><\/div><\/div><\/div><\/div><div class=\"epyt-gallery-title\">Journal Club Ost\u00e9o-Swiss  #1<\/div><\/div><div tabindex=\"0\" role=\"button\" data-videoid=\"8Ifyn9jnuKw\" class=\"epyt-gallery-thumb\"><div class=\"epyt-gallery-img-box\"><div class=\"epyt-gallery-img\" style=\"background-image: url(https:\/\/i.ytimg.com\/vi\/8Ifyn9jnuKw\/hqdefault_live.jpg)\"><div class=\"epyt-gallery-playhover\"><img decoding=\"async\" alt=\"play\" class=\"epyt-play-img\" width=\"30\" height=\"23\" src=\"https:\/\/association-osteo-swiss.ch\/wp-content\/plugins\/youtube-embed-plus\/images\/playhover.png\" data-no-lazy=\"1\" data-skipgform_ajax_framebjll=\"\" \/><div class=\"epyt-gallery-playcrutch\"><\/div><\/div><\/div><\/div><div class=\"epyt-gallery-title\">Diffusion en direct de Ost\u00e8oSwiss<\/div><\/div><div class=\"epyt-gallery-rowbreak\"><\/div><div class=\"epyt-gallery-clear\"><\/div><\/div><div class=\"epyt-pagination \"><div tabindex=\"0\" role=\"button\" class=\"epyt-pagebutton epyt-prev  hide \" data-playlistid=\"UUIofAvAvN1yg65nW_4-OUFA\" data-pagesize=\"5\" data-pagetoken=\"\" data-epcolumns=\"3\" data-showtitle=\"1\" data-showpaging=\"1\" data-autonext=\"0\" data-thumbplay=\"1\"><div class=\"epyt-arrow\">&laquo;<\/div> <div>Prev<\/div><\/div><div class=\"epyt-pagenumbers hide\"><div class=\"epyt-current\">1<\/div><div class=\"epyt-pageseparator\"> \/ <\/div><div class=\"epyt-totalpages\">1<\/div><\/div><div tabindex=\"0\" role=\"button\" class=\"epyt-pagebutton epyt-next hide \" data-playlistid=\"UUIofAvAvN1yg65nW_4-OUFA\" data-pagesize=\"5\" data-pagetoken=\"\" data-epcolumns=\"3\" data-showtitle=\"1\" data-showpaging=\"1\" data-autonext=\"0\" data-thumbplay=\"1\"><div>Next<\/div> <div class=\"epyt-arrow\">&raquo;<\/div><\/div><div class=\"epyt-loader\"><img decoding=\"async\" alt=\"loading\" width=\"16\" height=\"11\" src=\"https:\/\/association-osteo-swiss.ch\/wp-content\/plugins\/youtube-embed-plus\/images\/gallery-page-loader.gif\"><\/div><\/div><\/div><\/div><\/div>\n\t\t\t\t<\/div>\n\t\t\t\t<\/div>\n\t\t\t\t<div class=\"elementor-element elementor-element-e4a315c elementor-widget__width-initial elementor-widget elementor-widget-text-editor\" data-id=\"e4a315c\" data-element_type=\"widget\" data-widget_type=\"text-editor.default\">\n\t\t\t\t<div class=\"elementor-widget-container\">\n\t\t\t\t\t\t\t<p>Die Wiederholungen der n\u00e4chsten Journal Clubs werden hier ver\u00f6ffentlicht!<\/p>\t\t\t\t\t\t<\/div>\n\t\t\t\t<\/div>\n\t\t\t\t\t<\/div>\n\t\t\t\t<\/div>\n\t\t\t\t<\/div>\n\t\t","protected":false},"excerpt":{"rendered":"<p>Club Zeitung Im Rahmen seines Engagements f\u00fcr die Weiterentwicklung der Praxis der Manuellen Therapie freut sich Osteo Swiss, die Gr\u00fcndung eines Journal Clubs bekannt geben zu k\u00f6nnen. Ziel dieses Projekts ist es, relevante wissenschaftliche Artikel zu ver\u00f6ffentlichen, die unsere klinische Praxis bereichern. Ziele des Journal Clubs : Wissen austauschen: Bieten Sie einen Raum f\u00fcr die [&hellip;]<\/p>\n","protected":false},"author":3,"featured_media":0,"parent":0,"menu_order":0,"comment_status":"closed","ping_status":"closed","template":"","meta":{"_acf_changed":false,"footnotes":""},"class_list":["post-3158","page","type-page","status-publish","hentry"],"acf":[],"_links":{"self":[{"href":"https:\/\/association-osteo-swiss.ch\/de\/wp-json\/wp\/v2\/pages\/3158","targetHints":{"allow":["GET"]}}],"collection":[{"href":"https:\/\/association-osteo-swiss.ch\/de\/wp-json\/wp\/v2\/pages"}],"about":[{"href":"https:\/\/association-osteo-swiss.ch\/de\/wp-json\/wp\/v2\/types\/page"}],"author":[{"embeddable":true,"href":"https:\/\/association-osteo-swiss.ch\/de\/wp-json\/wp\/v2\/users\/3"}],"replies":[{"embeddable":true,"href":"https:\/\/association-osteo-swiss.ch\/de\/wp-json\/wp\/v2\/comments?post=3158"}],"version-history":[{"count":8,"href":"https:\/\/association-osteo-swiss.ch\/de\/wp-json\/wp\/v2\/pages\/3158\/revisions"}],"predecessor-version":[{"id":3406,"href":"https:\/\/association-osteo-swiss.ch\/de\/wp-json\/wp\/v2\/pages\/3158\/revisions\/3406"}],"wp:attachment":[{"href":"https:\/\/association-osteo-swiss.ch\/de\/wp-json\/wp\/v2\/media?parent=3158"}],"curies":[{"name":"wp","href":"https:\/\/api.w.org\/{rel}","templated":true}]}}