{"id":3233,"date":"2025-02-25T15:04:38","date_gmt":"2025-02-25T14:04:38","guid":{"rendered":"https:\/\/association-osteo-swiss.ch\/beitritt-zum-journal-club\/"},"modified":"2026-03-08T18:32:31","modified_gmt":"2026-03-08T17:32:31","slug":"beitritt-zum-journal-club","status":"publish","type":"page","link":"https:\/\/association-osteo-swiss.ch\/de\/beitritt-zum-journal-club\/","title":{"rendered":"Beitritt zum Journal Club"},"content":{"rendered":"\t\t<div data-elementor-type=\"wp-page\" data-elementor-id=\"3233\" class=\"elementor elementor-3233 elementor-3217\" data-elementor-post-type=\"page\">\n\t\t\t\t<div class=\"elementor-element elementor-element-ba58eda e-flex e-con-boxed e-con e-parent\" data-id=\"ba58eda\" data-element_type=\"container\">\n\t\t\t\t\t<div class=\"e-con-inner\">\n\t\t\t\t<div class=\"elementor-element elementor-element-2bb9a51 elementor-widget elementor-widget-spacer\" data-id=\"2bb9a51\" data-element_type=\"widget\" data-widget_type=\"spacer.default\">\n\t\t\t\t<div class=\"elementor-widget-container\">\n\t\t\t\t\t<div class=\"elementor-spacer\">\n\t\t\t<div class=\"elementor-spacer-inner\"><\/div>\n\t\t<\/div>\n\t\t\t\t<\/div>\n\t\t\t\t<\/div>\n\t\t<div class=\"elementor-element elementor-element-388cbd0 e-con-full e-flex e-con e-child\" data-id=\"388cbd0\" data-element_type=\"container\" data-settings=\"{&quot;background_background&quot;:&quot;classic&quot;}\">\n\t\t\t\t<div class=\"elementor-element elementor-element-87047a9 elementor-widget elementor-widget-heading\" data-id=\"87047a9\" data-element_type=\"widget\" data-widget_type=\"heading.default\">\n\t\t\t\t<div class=\"elementor-widget-container\">\n\t\t\t<h2 class=\"elementor-heading-title elementor-size-default\">Treten Sie dem Journal Club bei!<\/h2>\t\t<\/div>\n\t\t\t\t<\/div>\n\t\t\t\t<div class=\"elementor-element elementor-element-5f4009c elementor-widget__width-initial elementor-widget elementor-widget-text-editor\" data-id=\"5f4009c\" data-element_type=\"widget\" data-widget_type=\"text-editor.default\">\n\t\t\t\t<div class=\"elementor-widget-container\">\n\t\t\t\t\t\t\t<p>Werden Sie Mitglied der Journal Club Community und erfahren Sie von zuk\u00fcnftigen Livestreams!<\/p>\t\t\t\t\t\t<\/div>\n\t\t\t\t<\/div>\n\t\t\t\t<div class=\"elementor-element elementor-element-f211442 elementor-widget elementor-widget-button\" data-id=\"f211442\" data-element_type=\"widget\" data-widget_type=\"button.default\">\n\t\t\t\t<div class=\"elementor-widget-container\">\n\t\t\t\t\t<div class=\"elementor-button-wrapper\">\n\t\t\t<a class=\"elementor-button elementor-button-link elementor-size-sm\" href=\"https:\/\/association-osteo-swiss.ch\/de\/club-zeitung\/\">\n\t\t\t\t\t\t<span class=\"elementor-button-content-wrapper\">\n\t\t\t\t\t\t<span class=\"elementor-button-icon\">\n\t\t\t\t<svg xmlns=\"http:\/\/www.w3.org\/2000\/svg\" width=\"15\" height=\"16\" viewBox=\"0 0 15 16\" fill=\"none\"><g id=\"Group 2\"><path id=\"Vector\" d=\"M13.9402 7.45526C14.2413 7.75627 14.2413 8.24059 13.9402 8.5416L8.50857 13.9733C8.20757 14.2743 7.72325 14.2743 7.42224 13.9733C7.12123 13.6723 7.12124 13.1879 7.42224 12.8869L11.5435 8.76566L1.08529 8.76792C0.659807 8.76792 0.315801 8.42391 0.318064 8.00069C0.320327 7.57748 0.66207 7.23121 1.08529 7.23347L11.5413 7.23347L7.41998 3.11219C7.11897 2.81118 7.11897 2.32686 7.41998 2.02585C7.72098 1.72485 8.20531 1.72485 8.50631 2.02585L13.938 7.45753L13.9402 7.45526Z\" fill=\"white\"><\/path><\/g><\/svg>\t\t\t<\/span>\n\t\t\t\t\t\t\t\t\t<span class=\"elementor-button-text\">Entdecken Sie die Wiederholungen<\/span>\n\t\t\t\t\t<\/span>\n\t\t\t\t\t<\/a>\n\t\t<\/div>\n\t\t\t\t<\/div>\n\t\t\t\t<\/div>\n\t\t\t\t<\/div>\n\t\t\t\t\t<\/div>\n\t\t\t\t<\/div>\n\t\t<div class=\"elementor-element elementor-element-9fffaa3 e-flex e-con-boxed e-con e-parent\" data-id=\"9fffaa3\" data-element_type=\"container\" data-settings=\"{&quot;background_background&quot;:&quot;classic&quot;}\">\n\t\t\t\t\t<div class=\"e-con-inner\">\n\t\t<div class=\"elementor-element elementor-element-7f662e6 e-con-full e-flex e-con e-child\" data-id=\"7f662e6\" data-element_type=\"container\">\n\t\t\t\t<div class=\"elementor-element elementor-element-c091186 elementor-widget__width-initial elementor-widget elementor-widget-html\" data-id=\"c091186\" data-element_type=\"widget\" data-widget_type=\"html.default\">\n\t\t\t\t<div class=\"elementor-widget-container\">\n\t\t\t<form method=\"post\" action=\"https:\/\/newsletter.infomaniak.com\/v3\/api\/1\/newsletters\/webforms\/20037\/submit\" class=\"inf-form\"><input type=\"email\" name=\"email\" style=\"display:none\"><input type=\"hidden\" name=\"key\" value=\"eyJpdiI6IjZpZXFKQ3pLXC9KakdiVGJ5dWJkXC9WK1A0QytsU2tMbVY1cE5PS3BRMmZzRT0iLCJtYWMiOiJkYzVhZWYyMGFlYTUzNzg2NDI0MjY4NWQwNzNhNWY4M2MwMDgwNDcwZjJjODdlZjc3YmE3NzE3OTE5MzNjNGEzIiwidmFsdWUiOiI0T3ZPbmozXC9rMVdJdUU1bGc4NkRJd1djNVFaY1JzWDhQT1ZTTDNHYWJkND0ifQ==\"><input type=\"hidden\" name=\"webform_id\" value=\"20037\"><style> .inf-main_40eae2780e80243bf0324b4557ee2fd8{ background-color:#f5f5f5; padding:25px 20px; margin:25px auto; } .inf-main_40eae2780e80243bf0324b4557ee2fd8 .inf-content { margin-top:13px;} .inf-main_40eae2780e80243bf0324b4557ee2fd8 h4, .inf-main_40eae2780e80243bf0324b4557ee2fd8 span, .inf-main_40eae2780e80243bf0324b4557ee2fd8 label, .inf-main_40eae2780e80243bf0324b4557ee2fd8 input, .inf-main_40eae2780e80243bf0324b4557ee2fd8 .inf-submit, .inf-main_40eae2780e80243bf0324b4557ee2fd8 .inf-success p a { color:#555555; font-size:14px; } .inf-main_40eae2780e80243bf0324b4557ee2fd8 h4{ font-size:18px; margin:0px 0px 13px 0px; } .inf-main_40eae2780e80243bf0324b4557ee2fd8 h4, .inf-main_40eae2780e80243bf0324b4557ee2fd8 label{ font-weight:bold; } .inf-main_40eae2780e80243bf0324b4557ee2fd8 .inf-input { margin-bottom:7px; } .inf-main_40eae2780e80243bf0324b4557ee2fd8 label { display:block;} .inf-main_40eae2780e80243bf0324b4557ee2fd8 input{ height:35px; color:#999999; border: 1px solid #E9E9E9; border:none; padding-left:7px; } .inf-main_40eae2780e80243bf0324b4557ee2fd8 .inf-input.inf-error label, .inf-main_40eae2780e80243bf0324b4557ee2fd8 .inf-input.inf-error span.inf-message{ color: #cc0033; } .inf-main_40eae2780e80243bf0324b4557ee2fd8 .inf-input.inf-error input{ border: 1px solid #cc0033; } .inf-main_40eae2780e80243bf0324b4557ee2fd8 .inf-input input { width:100%;} .inf-main_40eae2780e80243bf0324b4557ee2fd8 .inf-input.inf-error span.inf-message { display: block; } .inf-main_40eae2780e80243bf0324b4557ee2fd8 .inf-submit { text-align:right;} .inf-main_40eae2780e80243bf0324b4557ee2fd8 .inf-submit input{ background-color:#777777; color:#ffffff; border:none; font-weight: normal; height:auto; padding:7px; } .inf-main_40eae2780e80243bf0324b4557ee2fd8 .inf-submit input.disabled{ opacity: 0.4; } .inf-btn { color: rgb(85, 85, 85); border: medium none; font-weight: normal; height: auto; padding: 7px; display: inline-block; background-color: white; box-shadow: 0px 1px 1px rgba(0, 0, 0, 0.24); border-radius: 2px; line-height: 1em; } .inf-rgpd { margin:25px 0px 15px 0px; color:#555555; } .altcha-label span { color: #555 } <\/style><div class=\"inf-main_40eae2780e80243bf0324b4557ee2fd8\"> <h4>Club Zeitung<\/h4> <span>Werden Sie Mitglied der Journal Club Community und erfahren Sie von zuk\u00fcnftigen Livestreams!<\/span> <div class=\"inf-success\" style=\"display:none\"> <h4>Ihre Anmeldung wurde erfolgreich registriert!<\/h4> <p> <a href=\"#\" class=\"inf-btn\">\"<\/a> <\/p> <\/div> <div class=\"inf-content\"> <div class=\"inf-input inf-input-text\"> <div style=\"display: flex\"> <label>E-Mail<\/label> <div style=\"color:red;\">&nbsp;*<\/div> <\/div> <input type=\"email\" name=\"inf[1]\" data-inf-meta=\"1\" data-inf-error=\"\" required=\"required\"> <\/div> <div class=\"inf-input inf-input-text\"> <label for=\"inf[68918]\" style=\"display: flex; align-items: center; gap: 10px\"> <input type=\"checkbox\" name=\"inf[68918]\" id=\"inf[68918]\" data-inf-meta=\"68918\" data-inf-error=\"\" style=\"width: 35px\"> <span>  Sind Sie Mitglied von Osteo-Swiss?  <span style=\"color: red\"><\/span> <\/span> <\/label> <\/div> <div class=\"inf-input inf-input-text\"> <label for=\"inf[68916]\" style=\"display: flex; align-items: center; gap: 10px\"> <input type=\"checkbox\" name=\"inf[68916]\" id=\"inf[68916]\" data-inf-meta=\"68916\" data-inf-error=\"\" style=\"width: 35px\"> <span>  Sind Sie ein Manualtherapeut?  <span style=\"color: red\"><\/span> <\/span> <\/label> <\/div> <div class=\"inf-input inf-input-text\"> <label for=\"inf[68917]\" style=\"display: flex; align-items: center; gap: 10px\"> <input type=\"checkbox\" name=\"inf[68917]\" id=\"inf[68917]\" data-inf-meta=\"68917\" data-inf-error=\"\" style=\"width: 35px\"> <span>  Sind Sie Student?  <span style=\"color: red\"><\/span> <\/span> <\/label> <\/div> <div class=\"inf-rgpd\">Ihre E-Mail-Adresse wird ausschlie\u00dflich dazu verwendet, Ihnen unseren Newsletter und Informationen \u00fcber unsere Aktivit\u00e4ten zuzusenden. Sie k\u00f6nnen jederzeit den Abmeldelink in jeder unserer E-Mails verwenden. <\/div> <script src=\"https:\/\/eu.altcha.org\/js\/latest\/altcha.min.js\" type=\"module\" defer><\/script> <altcha-widget hidelogo=\"\" hidefooter=\"\" floating=\"\" challengeurl=\"https:\/\/newsletter.infomaniak.com\/v3\/altcha-challenge\"><\/altcha-widget> <script src=\"https:\/\/newsletter.storage5.infomaniak.com\/mcaptcha\/altcha.js\" defer> <\/script> <script type=\"text\/javascript\" src=\"https:\/\/newsletter.infomaniak.com\/v3\/static\/webform_index.js?v=1772990480\"><\/script> <div class=\"inf-submit\"> <input type=\"submit\" style=\"margin-top: 25px;\" name=\"\" value=\"Besuchen Sie\"> <\/div> <\/div> <\/div> <\/form>\n<style>\nform {\n    max-width: 620px;\n    font-family: 'Inter';\n}\n    input[type=\"email\"] {\n    border: 1px solid #344257;\n    border-radius: 5px;\n    background: white !important;\n}\n<\/style>\t\t<\/div>\n\t\t\t\t<\/div>\n\t\t\t\t<\/div>\n\t\t\t\t\t<\/div>\n\t\t\t\t<\/div>\n\t\t<div class=\"elementor-element elementor-element-3e82264 e-flex e-con-boxed e-con e-parent\" data-id=\"3e82264\" data-element_type=\"container\" data-settings=\"{&quot;background_background&quot;:&quot;classic&quot;}\">\n\t\t\t\t\t<div class=\"e-con-inner\">\n\t\t<div class=\"elementor-element elementor-element-9113a91 e-con-full e-flex e-con e-child\" data-id=\"9113a91\" data-element_type=\"container\" data-settings=\"{&quot;background_background&quot;:&quot;classic&quot;}\">\n\t\t\t\t<div class=\"elementor-element elementor-element-8161cc9 elementor-widget__width-initial elementor-widget-tablet__width-inherit elementor-widget elementor-widget-text-editor\" data-id=\"8161cc9\" data-element_type=\"widget\" data-widget_type=\"text-editor.default\">\n\t\t\t\t<div class=\"elementor-widget-container\">\n\t\t\t\t\t\t\t<p>Noch kein Mitglied der Vereinigung?<\/p>\t\t\t\t\t\t<\/div>\n\t\t\t\t<\/div>\n\t\t\t\t<div class=\"elementor-element elementor-element-44aeb7e elementor-align-left elementor-widget elementor-widget-button\" data-id=\"44aeb7e\" data-element_type=\"widget\" data-widget_type=\"button.default\">\n\t\t\t\t<div class=\"elementor-widget-container\">\n\t\t\t\t\t<div class=\"elementor-button-wrapper\">\n\t\t\t<a class=\"elementor-button elementor-button-link elementor-size-sm\" href=\"https:\/\/association-osteo-swiss.ch\/de\/mitgliedschaft\/\">\n\t\t\t\t\t\t<span class=\"elementor-button-content-wrapper\">\n\t\t\t\t\t\t<span class=\"elementor-button-icon\">\n\t\t\t\t<svg xmlns=\"http:\/\/www.w3.org\/2000\/svg\" width=\"15\" height=\"16\" viewBox=\"0 0 15 16\" fill=\"none\"><g id=\"Group 2\"><path id=\"Vector\" d=\"M13.9402 7.45526C14.2413 7.75627 14.2413 8.24059 13.9402 8.5416L8.50857 13.9733C8.20757 14.2743 7.72325 14.2743 7.42224 13.9733C7.12123 13.6723 7.12124 13.1879 7.42224 12.8869L11.5435 8.76566L1.08529 8.76792C0.659807 8.76792 0.315801 8.42391 0.318064 8.00069C0.320327 7.57748 0.66207 7.23121 1.08529 7.23347L11.5413 7.23347L7.41998 3.11219C7.11897 2.81118 7.11897 2.32686 7.41998 2.02585C7.72098 1.72485 8.20531 1.72485 8.50631 2.02585L13.938 7.45753L13.9402 7.45526Z\" fill=\"white\"><\/path><\/g><\/svg>\t\t\t<\/span>\n\t\t\t\t\t\t\t\t\t<span class=\"elementor-button-text\">OSTEO-SWISS beitreten<\/span>\n\t\t\t\t\t<\/span>\n\t\t\t\t\t<\/a>\n\t\t<\/div>\n\t\t\t\t<\/div>\n\t\t\t\t<\/div>\n\t\t\t\t<\/div>\n\t\t\t\t\t<\/div>\n\t\t\t\t<\/div>\n\t\t\t\t<\/div>\n\t\t","protected":false},"excerpt":{"rendered":"<p>Treten Sie dem Journal Club bei! Werden Sie Mitglied der Journal Club Community und erfahren Sie von zuk\u00fcnftigen Livestreams! Entdecken Sie die Wiederholungen Club Zeitung Werden Sie Mitglied der Journal Club Community und erfahren Sie von zuk\u00fcnftigen Livestreams! Ihre Anmeldung wurde erfolgreich registriert! &#8222; E-Mail &nbsp;* Sind Sie Mitglied von Osteo-Swiss? Sind Sie ein Manualtherapeut? [&hellip;]<\/p>\n","protected":false},"author":3,"featured_media":0,"parent":0,"menu_order":0,"comment_status":"closed","ping_status":"closed","template":"","meta":{"_acf_changed":false,"footnotes":""},"class_list":["post-3233","page","type-page","status-publish","hentry"],"acf":[],"_links":{"self":[{"href":"https:\/\/association-osteo-swiss.ch\/de\/wp-json\/wp\/v2\/pages\/3233","targetHints":{"allow":["GET"]}}],"collection":[{"href":"https:\/\/association-osteo-swiss.ch\/de\/wp-json\/wp\/v2\/pages"}],"about":[{"href":"https:\/\/association-osteo-swiss.ch\/de\/wp-json\/wp\/v2\/types\/page"}],"author":[{"embeddable":true,"href":"https:\/\/association-osteo-swiss.ch\/de\/wp-json\/wp\/v2\/users\/3"}],"replies":[{"embeddable":true,"href":"https:\/\/association-osteo-swiss.ch\/de\/wp-json\/wp\/v2\/comments?post=3233"}],"version-history":[{"count":10,"href":"https:\/\/association-osteo-swiss.ch\/de\/wp-json\/wp\/v2\/pages\/3233\/revisions"}],"predecessor-version":[{"id":3708,"href":"https:\/\/association-osteo-swiss.ch\/de\/wp-json\/wp\/v2\/pages\/3233\/revisions\/3708"}],"wp:attachment":[{"href":"https:\/\/association-osteo-swiss.ch\/de\/wp-json\/wp\/v2\/media?parent=3233"}],"curies":[{"name":"wp","href":"https:\/\/api.w.org\/{rel}","templated":true}]}}