{"id":3611,"date":"2025-10-23T11:01:03","date_gmt":"2025-10-23T09:01:03","guid":{"rendered":"https:\/\/association-osteo-swiss.ch\/sich-als-osteopath-in-der-franzoesischen-schweiz-niederlassen-leitfaden-2025\/"},"modified":"2025-10-23T17:40:58","modified_gmt":"2025-10-23T15:40:58","slug":"sich-als-osteopath-in-der-franzoesischen-schweiz-niederlassen-leitfaden-2025","status":"publish","type":"page","link":"https:\/\/association-osteo-swiss.ch\/de\/sich-als-osteopath-in-der-franzoesischen-schweiz-niederlassen-leitfaden-2025\/","title":{"rendered":"Sich als Osteopath in der franz\u00f6sischen Schweiz niederlassen &#8211; Leitfaden 2025"},"content":{"rendered":"\t\t<div data-elementor-type=\"wp-page\" data-elementor-id=\"3611\" class=\"elementor elementor-3611 elementor-3580\" data-elementor-post-type=\"page\">\n\t\t\t\t<div class=\"elementor-element elementor-element-a8e72a9 e-flex e-con-boxed e-con e-parent\" data-id=\"a8e72a9\" data-element_type=\"container\">\n\t\t\t\t\t<div class=\"e-con-inner\">\n\t\t\t\t<div class=\"elementor-element elementor-element-a910cb4 elementor-widget elementor-widget-spacer\" data-id=\"a910cb4\" data-element_type=\"widget\" data-widget_type=\"spacer.default\">\n\t\t\t\t<div class=\"elementor-widget-container\">\n\t\t\t\t\t<div class=\"elementor-spacer\">\n\t\t\t<div class=\"elementor-spacer-inner\"><\/div>\n\t\t<\/div>\n\t\t\t\t<\/div>\n\t\t\t\t<\/div>\n\t\t\t\t\t<\/div>\n\t\t\t\t<\/div>\n\t\t<div class=\"elementor-element elementor-element-0b752ae e-flex e-con-boxed e-con e-parent\" data-id=\"0b752ae\" data-element_type=\"container\" data-settings=\"{&quot;background_background&quot;:&quot;classic&quot;}\">\n\t\t\t\t\t<div class=\"e-con-inner\">\n\t\t<div class=\"elementor-element elementor-element-ffd79a5 e-con-full e-flex e-con e-child\" data-id=\"ffd79a5\" data-element_type=\"container\">\n\t\t\t\t<div class=\"elementor-element elementor-element-6699f60 elementor-widget elementor-widget-heading\" data-id=\"6699f60\" data-element_type=\"widget\" data-widget_type=\"heading.default\">\n\t\t\t\t<div class=\"elementor-widget-container\">\n\t\t\t<h2 class=\"elementor-heading-title elementor-size-default\">Sich als Osteopath in der franz\u00f6sischen Schweiz niederlassen - Leitfaden 2025\n<\/h2>\t\t<\/div>\n\t\t\t\t<\/div>\n\t\t\t\t<div class=\"elementor-element elementor-element-4e0df24 elementor-widget__width-initial elementor-widget elementor-widget-text-editor\" data-id=\"4e0df24\" data-element_type=\"widget\" data-widget_type=\"text-editor.default\">\n\t\t\t\t<div class=\"elementor-widget-container\">\n\t\t\t\t\t\t\t<p><strong>Ihr praktischer Leitfaden f\u00fcr die Aus\u00fcbung der Osteopathie in der Schweiz<\/strong><strong>. <\/strong><strong>Umfassend<\/strong>und integrativ richtet er sich an :<\/p><ul><li><strong> in der Schweiz<\/strong><strong>diplomierte<\/strong> <strong>Osteopathen <\/strong>, die sich nach ihrer Ausbildung niederlassen m\u00f6chten;<\/li><li><strong>ausl\u00e4ndische<\/strong> <strong>Osteopathen <\/strong>, die in der franz\u00f6sischen Schweiz praktizieren m\u00f6chten;<\/li><li>Personen, die sich <strong>beruflich auf die Osteopathie umstellen<\/strong>.<\/li><\/ul>\t\t\t\t\t\t<\/div>\n\t\t\t\t<\/div>\n\t\t\t\t<div class=\"elementor-element elementor-element-9f05b86 elementor-widget elementor-widget-button\" data-id=\"9f05b86\" data-element_type=\"widget\" data-widget_type=\"button.default\">\n\t\t\t\t<div class=\"elementor-widget-container\">\n\t\t\t\t\t<div class=\"elementor-button-wrapper\">\n\t\t\t<a class=\"elementor-button elementor-button-link elementor-size-sm\" href=\"https:\/\/association-osteo-swiss.ch\/wp-content\/uploads\/2025\/09\/Guide-osteopathes.pdf\" target=\"_blank\" rel=\"nofollow\">\n\t\t\t\t\t\t<span class=\"elementor-button-content-wrapper\">\n\t\t\t\t\t\t<span class=\"elementor-button-icon\">\n\t\t\t\t<svg xmlns=\"http:\/\/www.w3.org\/2000\/svg\" width=\"32\" height=\"32\" fill=\"#ffffff\" viewBox=\"0 0 256 256\"><path d=\"M224,144v64a8,8,0,0,1-8,8H40a8,8,0,0,1-8-8V144a8,8,0,0,1,16,0v56H208V144a8,8,0,0,1,16,0Zm-101.66,5.66a8,8,0,0,0,11.32,0l40-40a8,8,0,0,0-11.32-11.32L136,124.69V32a8,8,0,0,0-16,0v92.69L93.66,98.34a8,8,0,0,0-11.32,11.32Z\"><\/path><\/svg>\t\t\t<\/span>\n\t\t\t\t\t\t\t\t\t<span class=\"elementor-button-text\">Laden Sie den Leitfaden herunter<\/span>\n\t\t\t\t\t<\/span>\n\t\t\t\t\t<\/a>\n\t\t<\/div>\n\t\t\t\t<\/div>\n\t\t\t\t<\/div>\n\t\t\t\t<\/div>\n\t\t\t\t\t<\/div>\n\t\t\t\t<\/div>\n\t\t<div class=\"elementor-element elementor-element-3d193f1 e-flex e-con-boxed e-con e-parent\" data-id=\"3d193f1\" data-element_type=\"container\" data-settings=\"{&quot;background_background&quot;:&quot;classic&quot;}\">\n\t\t\t\t\t<div class=\"e-con-inner\">\n\t\t<div class=\"elementor-element elementor-element-37f534f e-con-full e-flex e-con e-child\" data-id=\"37f534f\" data-element_type=\"container\">\n\t\t\t\t<div class=\"elementor-element elementor-element-1420a03 elementor-widget elementor-widget-text-editor\" data-id=\"1420a03\" data-element_type=\"widget\" data-widget_type=\"text-editor.default\">\n\t\t\t\t<div class=\"elementor-widget-container\">\n\t\t\t\t\t\t\t<p>Ost\u00e9o-Swiss<\/p>\t\t\t\t\t\t<\/div>\n\t\t\t\t<\/div>\n\t\t\t\t<div class=\"elementor-element elementor-element-c6f6e3c elementor-widget elementor-widget-text-editor\" data-id=\"c6f6e3c\" data-element_type=\"widget\" data-widget_type=\"text-editor.default\">\n\t\t\t\t<div class=\"elementor-widget-container\">\n\t\t\t\t\t\t\t<p>Sie sind ein in der Schweiz oder im Ausland<strong>diplomierter<\/strong> <strong>Osteopath <\/strong> und m\u00f6chten <strong>sich<\/strong><strong> in der Schweiz niederlassen<\/strong>?<\/p>\t\t\t\t\t\t<\/div>\n\t\t\t\t<\/div>\n\t\t\t\t<\/div>\n\t\t<div class=\"elementor-element elementor-element-315b55c e-con-full e-flex e-con e-child\" data-id=\"315b55c\" data-element_type=\"container\">\n\t\t\t\t<div class=\"elementor-element elementor-element-79014b1 elementor-widget__width-initial elementor-widget elementor-widget-text-editor\" data-id=\"79014b1\" data-element_type=\"widget\" data-widget_type=\"text-editor.default\">\n\t\t\t\t<div class=\"elementor-widget-container\">\n\t\t\t\t\t\t\t<p>Dieser <strong>Niederlassungsleitfaden 2025<\/strong> begleitet Sie Schritt f\u00fcr Schritt durch alle notwendigen Schritte, um die <strong>Zulassung zu erhalten<\/strong>, <strong>eine Praxis zu gr\u00fcnden oder zu \u00fcbernehmen<\/strong> und <strong>Ihre T\u00e4tigkeit<\/strong> unter den besten Bedingungen zu <strong>entwickeln<\/strong>.<\/p><p>Dieses von <strong>Ann <\/strong><strong>Sheppard<\/strong> und <strong>No\u00e9mie Irigoyen<\/strong> verfasste Nachschlagewerk wurde entwickelt, um Ihnen den administrativen, rechtlichen und beruflichen Weg zu erleichtern und Ihnen gleichzeitig konkrete Ratschl\u00e4ge aus der Praxis zu geben.<\/p>\t\t\t\t\t\t<\/div>\n\t\t\t\t<\/div>\n\t\t\t\t<\/div>\n\t\t\t\t\t<\/div>\n\t\t\t\t<\/div>\n\t\t<div class=\"elementor-element elementor-element-2d6fe49 e-grid e-con-boxed e-con e-parent\" data-id=\"2d6fe49\" data-element_type=\"container\" data-settings=\"{&quot;background_background&quot;:&quot;classic&quot;}\">\n\t\t\t\t\t<div class=\"e-con-inner\">\n\t\t<div class=\"elementor-element elementor-element-facbc69 e-grid e-con-full e-con e-child\" data-id=\"facbc69\" data-element_type=\"container\" data-settings=\"{&quot;background_background&quot;:&quot;classic&quot;}\">\n\t\t<div class=\"elementor-element elementor-element-f7806ae e-con-full e-flex e-con e-child\" data-id=\"f7806ae\" data-element_type=\"container\" data-settings=\"{&quot;background_background&quot;:&quot;classic&quot;}\">\n\t\t\t\t<div class=\"elementor-element elementor-element-0c1e1bc elementor-widget elementor-widget-heading\" data-id=\"0c1e1bc\" data-element_type=\"widget\" data-widget_type=\"heading.default\">\n\t\t\t\t<div class=\"elementor-widget-container\">\n\t\t\t<h2 class=\"elementor-heading-title elementor-size-default\">1. Rechtsstatus und Anerkennung des Diploms\n<\/h2>\t\t<\/div>\n\t\t\t\t<\/div>\n\t\t\t\t<div class=\"elementor-element elementor-element-5d47a4a elementor-widget elementor-widget-text-editor\" data-id=\"5d47a4a\" data-element_type=\"widget\" data-widget_type=\"text-editor.default\">\n\t\t\t\t<div class=\"elementor-widget-container\">\n\t\t\t\t\t\t\t<ul><li>Praxisrecht und kantonale Genehmigungen<\/li><li>Anerkennung ausl\u00e4ndischer Diplome durch das Schweizerische Rote Kreuz (SRK)<\/li><li>Pre-Check-Verfahren und Ausgleichsma\u00dfnahmen<\/li><li>Eintragung in das EMR- und ASCA-Register<\/li><\/ul>\t\t\t\t\t\t<\/div>\n\t\t\t\t<\/div>\n\t\t\t\t<\/div>\n\t\t\t\t<div class=\"elementor-element elementor-element-16022f7 elementor-widget elementor-widget-image\" data-id=\"16022f7\" data-element_type=\"widget\" data-widget_type=\"image.default\">\n\t\t\t\t<div class=\"elementor-widget-container\">\n\t\t\t\t\t\t\t\t\t\t\t\t\t<img fetchpriority=\"high\" decoding=\"async\" width=\"1024\" height=\"1024\" src=\"https:\/\/association-osteo-swiss.ch\/wp-content\/uploads\/2025\/10\/ChatGPT-Image-23-oct.-2025-11_13_18.png\" class=\"attachment-full size-full wp-image-3601\" alt=\"\" srcset=\"https:\/\/association-osteo-swiss.ch\/wp-content\/uploads\/2025\/10\/ChatGPT-Image-23-oct.-2025-11_13_18.png 1024w, https:\/\/association-osteo-swiss.ch\/wp-content\/uploads\/2025\/10\/ChatGPT-Image-23-oct.-2025-11_13_18-300x300.png 300w, https:\/\/association-osteo-swiss.ch\/wp-content\/uploads\/2025\/10\/ChatGPT-Image-23-oct.-2025-11_13_18-150x150.png 150w, https:\/\/association-osteo-swiss.ch\/wp-content\/uploads\/2025\/10\/ChatGPT-Image-23-oct.-2025-11_13_18-768x768.png 768w\" sizes=\"(max-width: 1024px) 100vw, 1024px\" \/>\t\t\t\t\t\t\t\t\t\t\t\t\t<\/div>\n\t\t\t\t<\/div>\n\t\t\t\t<\/div>\n\t\t<div class=\"elementor-element elementor-element-36b8d4f e-grid e-con-full e-con e-child\" data-id=\"36b8d4f\" data-element_type=\"container\" data-settings=\"{&quot;background_background&quot;:&quot;classic&quot;}\">\n\t\t\t\t<div class=\"elementor-element elementor-element-0bf2dbe elementor-widget elementor-widget-image\" data-id=\"0bf2dbe\" data-element_type=\"widget\" data-widget_type=\"image.default\">\n\t\t\t\t<div class=\"elementor-widget-container\">\n\t\t\t\t\t\t\t\t\t\t\t\t\t<img decoding=\"async\" width=\"1024\" height=\"1024\" src=\"https:\/\/association-osteo-swiss.ch\/wp-content\/uploads\/2025\/10\/ChatGPT-Image-23-oct.-2025-11_29_20.png\" class=\"attachment-large size-large wp-image-3615\" alt=\"\" srcset=\"https:\/\/association-osteo-swiss.ch\/wp-content\/uploads\/2025\/10\/ChatGPT-Image-23-oct.-2025-11_29_20.png 1024w, https:\/\/association-osteo-swiss.ch\/wp-content\/uploads\/2025\/10\/ChatGPT-Image-23-oct.-2025-11_29_20-300x300.png 300w, https:\/\/association-osteo-swiss.ch\/wp-content\/uploads\/2025\/10\/ChatGPT-Image-23-oct.-2025-11_29_20-150x150.png 150w, https:\/\/association-osteo-swiss.ch\/wp-content\/uploads\/2025\/10\/ChatGPT-Image-23-oct.-2025-11_29_20-768x768.png 768w\" sizes=\"(max-width: 1024px) 100vw, 1024px\" \/>\t\t\t\t\t\t\t\t\t\t\t\t\t<\/div>\n\t\t\t\t<\/div>\n\t\t<div class=\"elementor-element elementor-element-3d1be0e e-con-full e-flex e-con e-child\" data-id=\"3d1be0e\" data-element_type=\"container\" data-settings=\"{&quot;background_background&quot;:&quot;classic&quot;}\">\n\t\t\t\t<div class=\"elementor-element elementor-element-960325a elementor-widget elementor-widget-heading\" data-id=\"960325a\" data-element_type=\"widget\" data-widget_type=\"heading.default\">\n\t\t\t\t<div class=\"elementor-widget-container\">\n\t\t\t<h2 class=\"elementor-heading-title elementor-size-default\">2. Wahl der Art der Aus\u00fcbung<\/h2>\t\t<\/div>\n\t\t\t\t<\/div>\n\t\t\t\t<div class=\"elementor-element elementor-element-a560512 elementor-widget elementor-widget-text-editor\" data-id=\"a560512\" data-element_type=\"widget\" data-widget_type=\"text-editor.default\">\n\t\t\t\t<div class=\"elementor-widget-container\">\n\t\t\t\t\t\t\t<ul><li>Als <strong>Arbeitnehmer\/in<\/strong>, <strong>Selbst\u00e4ndige\/r<\/strong> oder in <strong>Zusammenarbeit<\/strong> mit anderen t\u00e4tig sein<\/li><li>Vergleich der Statuten und praktische Ratschl\u00e4ge<\/li><\/ul>\t\t\t\t\t\t<\/div>\n\t\t\t\t<\/div>\n\t\t\t\t<\/div>\n\t\t\t\t<\/div>\n\t\t<div class=\"elementor-element elementor-element-b3022a8 e-grid e-con-full e-con e-child\" data-id=\"b3022a8\" data-element_type=\"container\" data-settings=\"{&quot;background_background&quot;:&quot;classic&quot;}\">\n\t\t<div class=\"elementor-element elementor-element-2f72a17 e-con-full e-flex e-con e-child\" data-id=\"2f72a17\" data-element_type=\"container\" data-settings=\"{&quot;background_background&quot;:&quot;classic&quot;}\">\n\t\t<div class=\"elementor-element elementor-element-f0dfb1f e-con-full e-flex e-con e-child\" data-id=\"f0dfb1f\" data-element_type=\"container\">\n\t\t\t\t<div class=\"elementor-element elementor-element-758ec75 elementor-widget elementor-widget-heading\" data-id=\"758ec75\" data-element_type=\"widget\" data-widget_type=\"heading.default\">\n\t\t\t\t<div class=\"elementor-widget-container\">\n\t\t\t<h2 class=\"elementor-heading-title elementor-size-default\">3. Gr\u00fcndung oder \u00dcbernahme einer Praxis\n<\/h2>\t\t<\/div>\n\t\t\t\t<\/div>\n\t\t\t\t<div class=\"elementor-element elementor-element-a8a2ac5 elementor-widget elementor-widget-text-editor\" data-id=\"a8a2ac5\" data-element_type=\"widget\" data-widget_type=\"text-editor.default\">\n\t\t\t\t<div class=\"elementor-widget-container\">\n\t\t\t\t\t\t\t<ul><li>Suche und Einrichtung des Lokals<\/li><li>Hygienestandards und Zug\u00e4nglichkeit<\/li><li>Berufshaftpflichtversicherung, Material und Praxismanagement<\/li><\/ul>\t\t\t\t\t\t<\/div>\n\t\t\t\t<\/div>\n\t\t\t\t<\/div>\n\t\t\t\t<\/div>\n\t\t\t\t<div class=\"elementor-element elementor-element-2182a81 elementor-widget elementor-widget-image\" data-id=\"2182a81\" data-element_type=\"widget\" data-widget_type=\"image.default\">\n\t\t\t\t<div class=\"elementor-widget-container\">\n\t\t\t\t\t\t\t\t\t\t\t\t\t<img decoding=\"async\" width=\"1024\" height=\"1024\" src=\"https:\/\/association-osteo-swiss.ch\/wp-content\/uploads\/2025\/10\/ChatGPT-Image-23-oct.-2025-16_20_15.png\" class=\"attachment-large size-large wp-image-3629\" alt=\"\" srcset=\"https:\/\/association-osteo-swiss.ch\/wp-content\/uploads\/2025\/10\/ChatGPT-Image-23-oct.-2025-16_20_15.png 1024w, https:\/\/association-osteo-swiss.ch\/wp-content\/uploads\/2025\/10\/ChatGPT-Image-23-oct.-2025-16_20_15-300x300.png 300w, https:\/\/association-osteo-swiss.ch\/wp-content\/uploads\/2025\/10\/ChatGPT-Image-23-oct.-2025-16_20_15-150x150.png 150w, https:\/\/association-osteo-swiss.ch\/wp-content\/uploads\/2025\/10\/ChatGPT-Image-23-oct.-2025-16_20_15-768x768.png 768w\" sizes=\"(max-width: 1024px) 100vw, 1024px\" \/>\t\t\t\t\t\t\t\t\t\t\t\t\t<\/div>\n\t\t\t\t<\/div>\n\t\t\t\t<\/div>\n\t\t<div class=\"elementor-element elementor-element-21e0610 e-grid e-con-full e-con e-child\" data-id=\"21e0610\" data-element_type=\"container\" data-settings=\"{&quot;background_background&quot;:&quot;classic&quot;}\">\n\t\t\t\t<div class=\"elementor-element elementor-element-4e0fd72 elementor-widget elementor-widget-image\" data-id=\"4e0fd72\" data-element_type=\"widget\" data-widget_type=\"image.default\">\n\t\t\t\t<div class=\"elementor-widget-container\">\n\t\t\t\t\t\t\t\t\t\t\t\t\t<img loading=\"lazy\" decoding=\"async\" width=\"1024\" height=\"1024\" src=\"https:\/\/association-osteo-swiss.ch\/wp-content\/uploads\/2025\/10\/ChatGPT-Image-23-oct.-2025-16_37_47.png\" class=\"attachment-large size-large wp-image-3641\" alt=\"\" srcset=\"https:\/\/association-osteo-swiss.ch\/wp-content\/uploads\/2025\/10\/ChatGPT-Image-23-oct.-2025-16_37_47.png 1024w, https:\/\/association-osteo-swiss.ch\/wp-content\/uploads\/2025\/10\/ChatGPT-Image-23-oct.-2025-16_37_47-300x300.png 300w, https:\/\/association-osteo-swiss.ch\/wp-content\/uploads\/2025\/10\/ChatGPT-Image-23-oct.-2025-16_37_47-150x150.png 150w, https:\/\/association-osteo-swiss.ch\/wp-content\/uploads\/2025\/10\/ChatGPT-Image-23-oct.-2025-16_37_47-768x768.png 768w\" sizes=\"(max-width: 1024px) 100vw, 1024px\" \/>\t\t\t\t\t\t\t\t\t\t\t\t\t<\/div>\n\t\t\t\t<\/div>\n\t\t<div class=\"elementor-element elementor-element-dc75c3d e-con-full e-flex e-con e-child\" data-id=\"dc75c3d\" data-element_type=\"container\" data-settings=\"{&quot;background_background&quot;:&quot;classic&quot;}\">\n\t\t<div class=\"elementor-element elementor-element-10bf0fd e-con-full e-flex e-con e-child\" data-id=\"10bf0fd\" data-element_type=\"container\">\n\t\t\t\t<div class=\"elementor-element elementor-element-12e02db elementor-widget elementor-widget-heading\" data-id=\"12e02db\" data-element_type=\"widget\" data-widget_type=\"heading.default\">\n\t\t\t\t<div class=\"elementor-widget-container\">\n\t\t\t<h2 class=\"elementor-heading-title elementor-size-default\">4. Finanzielle und steuerliche Aspekte\n<\/h2>\t\t<\/div>\n\t\t\t\t<\/div>\n\t\t\t\t<div class=\"elementor-element elementor-element-cdace19 elementor-widget elementor-widget-text-editor\" data-id=\"cdace19\" data-element_type=\"widget\" data-widget_type=\"text-editor.default\">\n\t\t\t\t<div class=\"elementor-widget-container\">\n\t\t\t\t\t\t\t<ul><li>Preisgestaltung und Rechnungsstellung gem\u00e4\u00df <strong>Tarif 590<\/strong><\/li><li>Buchhaltung, Steuern, Vorsorge und Erwerbsausfallversicherung<\/li><li>Gesch\u00e4ftsmodelle und Ratschl\u00e4ge zur Maximierung Ihres Einkommens<\/li><\/ul>\t\t\t\t\t\t<\/div>\n\t\t\t\t<\/div>\n\t\t\t\t<\/div>\n\t\t\t\t<\/div>\n\t\t\t\t<\/div>\n\t\t<div class=\"elementor-element elementor-element-29a7d1e e-grid e-con-full e-con e-child\" data-id=\"29a7d1e\" data-element_type=\"container\" data-settings=\"{&quot;background_background&quot;:&quot;classic&quot;}\">\n\t\t<div class=\"elementor-element elementor-element-accb0e5 e-con-full e-flex e-con e-child\" data-id=\"accb0e5\" data-element_type=\"container\" data-settings=\"{&quot;background_background&quot;:&quot;classic&quot;}\">\n\t\t<div class=\"elementor-element elementor-element-7dcba0c e-con-full e-flex e-con e-child\" data-id=\"7dcba0c\" data-element_type=\"container\">\n\t\t\t\t<div class=\"elementor-element elementor-element-972b968 elementor-widget elementor-widget-heading\" data-id=\"972b968\" data-element_type=\"widget\" data-widget_type=\"heading.default\">\n\t\t\t\t<div class=\"elementor-widget-container\">\n\t\t\t<h2 class=\"elementor-heading-title elementor-size-default\">5. Kommunikation und Patientenentwicklung\n<\/h2>\t\t<\/div>\n\t\t\t\t<\/div>\n\t\t\t\t<div class=\"elementor-element elementor-element-bbc8daa elementor-widget elementor-widget-text-editor\" data-id=\"bbc8daa\" data-element_type=\"widget\" data-widget_type=\"text-editor.default\">\n\t\t\t\t<div class=\"elementor-widget-container\">\n\t\t\t\t\t\t\t<ul><li>Schaffung von Sichtbarkeit: Website, Google My Business, soziale Netzwerke<\/li><li>Referenzierung auf professionellen Plattformen (Agenda.ch, OneDoc, etc.).<\/li><li>Ethik und Berufsethik in der medizinischen Werbung<\/li><\/ul>\t\t\t\t\t\t<\/div>\n\t\t\t\t<\/div>\n\t\t\t\t<\/div>\n\t\t\t\t<\/div>\n\t\t\t\t<div class=\"elementor-element elementor-element-9eef14a elementor-widget elementor-widget-image\" data-id=\"9eef14a\" data-element_type=\"widget\" data-widget_type=\"image.default\">\n\t\t\t\t<div class=\"elementor-widget-container\">\n\t\t\t\t\t\t\t\t\t\t\t\t\t<img loading=\"lazy\" decoding=\"async\" width=\"1024\" height=\"1024\" src=\"https:\/\/association-osteo-swiss.ch\/wp-content\/uploads\/2025\/10\/ChatGPT-Image-23-oct.-2025-16_49_25-1-Compressify.io_.png\" class=\"attachment-large size-large wp-image-3644\" alt=\"\" srcset=\"https:\/\/association-osteo-swiss.ch\/wp-content\/uploads\/2025\/10\/ChatGPT-Image-23-oct.-2025-16_49_25-1-Compressify.io_.png 1024w, https:\/\/association-osteo-swiss.ch\/wp-content\/uploads\/2025\/10\/ChatGPT-Image-23-oct.-2025-16_49_25-1-Compressify.io_-300x300.png 300w, https:\/\/association-osteo-swiss.ch\/wp-content\/uploads\/2025\/10\/ChatGPT-Image-23-oct.-2025-16_49_25-1-Compressify.io_-150x150.png 150w, https:\/\/association-osteo-swiss.ch\/wp-content\/uploads\/2025\/10\/ChatGPT-Image-23-oct.-2025-16_49_25-1-Compressify.io_-768x768.png 768w\" sizes=\"(max-width: 1024px) 100vw, 1024px\" \/>\t\t\t\t\t\t\t\t\t\t\t\t\t<\/div>\n\t\t\t\t<\/div>\n\t\t\t\t<\/div>\n\t\t<div class=\"elementor-element elementor-element-436a3c4 e-grid e-con-full e-con e-child\" data-id=\"436a3c4\" data-element_type=\"container\" data-settings=\"{&quot;background_background&quot;:&quot;classic&quot;}\">\n\t\t\t\t<div class=\"elementor-element elementor-element-d1b7f7e elementor-widget elementor-widget-image\" data-id=\"d1b7f7e\" data-element_type=\"widget\" data-widget_type=\"image.default\">\n\t\t\t\t<div class=\"elementor-widget-container\">\n\t\t\t\t\t\t\t\t\t\t\t\t\t<img loading=\"lazy\" decoding=\"async\" width=\"1024\" height=\"1024\" src=\"https:\/\/association-osteo-swiss.ch\/wp-content\/uploads\/2025\/10\/ChatGPT-Image-23-oct.-2025-17_36_33-1-Compressify.io_.png\" class=\"attachment-large size-large wp-image-3648\" alt=\"\" srcset=\"https:\/\/association-osteo-swiss.ch\/wp-content\/uploads\/2025\/10\/ChatGPT-Image-23-oct.-2025-17_36_33-1-Compressify.io_.png 1024w, https:\/\/association-osteo-swiss.ch\/wp-content\/uploads\/2025\/10\/ChatGPT-Image-23-oct.-2025-17_36_33-1-Compressify.io_-300x300.png 300w, https:\/\/association-osteo-swiss.ch\/wp-content\/uploads\/2025\/10\/ChatGPT-Image-23-oct.-2025-17_36_33-1-Compressify.io_-150x150.png 150w, https:\/\/association-osteo-swiss.ch\/wp-content\/uploads\/2025\/10\/ChatGPT-Image-23-oct.-2025-17_36_33-1-Compressify.io_-768x768.png 768w\" sizes=\"(max-width: 1024px) 100vw, 1024px\" \/>\t\t\t\t\t\t\t\t\t\t\t\t\t<\/div>\n\t\t\t\t<\/div>\n\t\t<div class=\"elementor-element elementor-element-36be6e3 e-con-full e-flex e-con e-child\" data-id=\"36be6e3\" data-element_type=\"container\" data-settings=\"{&quot;background_background&quot;:&quot;classic&quot;}\">\n\t\t<div class=\"elementor-element elementor-element-63271c2 e-con-full e-flex e-con e-child\" data-id=\"63271c2\" data-element_type=\"container\">\n\t\t\t\t<div class=\"elementor-element elementor-element-d86e231 elementor-widget elementor-widget-heading\" data-id=\"d86e231\" data-element_type=\"widget\" data-widget_type=\"heading.default\">\n\t\t\t\t<div class=\"elementor-widget-container\">\n\t\t\t<h2 class=\"elementor-heading-title elementor-size-default\">6. Berufliche Pflichten<\/h2>\t\t<\/div>\n\t\t\t\t<\/div>\n\t\t\t\t<div class=\"elementor-element elementor-element-fec7008 elementor-widget elementor-widget-text-editor\" data-id=\"fec7008\" data-element_type=\"widget\" data-widget_type=\"text-editor.default\">\n\t\t\t\t<div class=\"elementor-widget-container\">\n\t\t\t\t\t\t\t<ul><li>Weiterbildung (EMR\/ASCA)<\/li><li>F\u00fchren und Archivieren von Patientenakten<\/li><li>Wahrung des Berufsgeheimnisses und Einhaltung der DSGVO<\/li><\/ul>\t\t\t\t\t\t<\/div>\n\t\t\t\t<\/div>\n\t\t\t\t<\/div>\n\t\t\t\t<\/div>\n\t\t\t\t<\/div>\n\t\t\t\t\t<\/div>\n\t\t\t\t<\/div>\n\t\t<div class=\"elementor-element elementor-element-f96ba99 e-flex e-con-boxed e-con e-parent\" data-id=\"f96ba99\" data-element_type=\"container\" id=\"assurance\" data-settings=\"{&quot;background_background&quot;:&quot;classic&quot;}\">\n\t\t\t\t\t<div class=\"e-con-inner\">\n\t\t\t\t<div class=\"elementor-element elementor-element-3a95996 elementor-widget elementor-widget-text-editor\" data-id=\"3a95996\" data-element_type=\"widget\" data-widget_type=\"text-editor.default\">\n\t\t\t\t<div class=\"elementor-widget-container\">\n\t\t\t\t\t\t\t<p><strong>Laden Sie den Installationsleitfaden 2025 herunter.<\/strong><\/p>\t\t\t\t\t\t<\/div>\n\t\t\t\t<\/div>\n\t\t<div class=\"elementor-element elementor-element-b062084 e-con-full e-flex e-con e-child\" data-id=\"b062084\" data-element_type=\"container\">\n\t\t<div class=\"elementor-element elementor-element-5afc6d8 e-con-full e-flex e-con e-child\" data-id=\"5afc6d8\" data-element_type=\"container\">\n\t\t\t\t<div class=\"elementor-element elementor-element-47b30c6 elementor-widget elementor-widget-button\" data-id=\"47b30c6\" data-element_type=\"widget\" data-widget_type=\"button.default\">\n\t\t\t\t<div class=\"elementor-widget-container\">\n\t\t\t\t\t<div class=\"elementor-button-wrapper\">\n\t\t\t<a class=\"elementor-button elementor-button-link elementor-size-sm\" href=\"https:\/\/association-osteo-swiss.ch\/wp-content\/uploads\/2025\/09\/Guide-osteopathes.pdf\" target=\"_blank\" rel=\"nofollow\">\n\t\t\t\t\t\t<span class=\"elementor-button-content-wrapper\">\n\t\t\t\t\t\t<span class=\"elementor-button-icon\">\n\t\t\t\t<svg xmlns=\"http:\/\/www.w3.org\/2000\/svg\" width=\"32\" height=\"32\" fill=\"#000000\" viewBox=\"0 0 256 256\"><path d=\"M224,144v64a8,8,0,0,1-8,8H40a8,8,0,0,1-8-8V144a8,8,0,0,1,16,0v56H208V144a8,8,0,0,1,16,0Zm-101.66,5.66a8,8,0,0,0,11.32,0l40-40A8,8,0,0,0,168,96H136V32a8,8,0,0,0-16,0V96H88a8,8,0,0,0-5.66,13.66Z\"><\/path><\/svg>\t\t\t<\/span>\n\t\t\t\t\t\t\t\t\t<span class=\"elementor-button-text\">Laden Sie den Leitfaden herunter<\/span>\n\t\t\t\t\t<\/span>\n\t\t\t\t\t<\/a>\n\t\t<\/div>\n\t\t\t\t<\/div>\n\t\t\t\t<\/div>\n\t\t\t\t<\/div>\n\t\t\t\t<\/div>\n\t\t<div class=\"elementor-element elementor-element-1f7de3d e-con-full e-flex e-con e-child\" data-id=\"1f7de3d\" data-element_type=\"container\" data-settings=\"{&quot;background_background&quot;:&quot;classic&quot;}\">\n\t\t\t\t<div class=\"elementor-element elementor-element-b66523f elementor-widget__width-initial elementor-widget elementor-widget-text-editor\" data-id=\"b66523f\" data-element_type=\"widget\" data-widget_type=\"text-editor.default\">\n\t\t\t\t<div class=\"elementor-widget-container\">\n\t\t\t\t\t\t\t<p>Dieses Dokument wird regelm\u00e4\u00dfig aktualisiert, um die neuesten rechtlichen, administrativen und praktischen Entwicklungen in Bezug auf den Beruf des Osteopathen in der Schweiz widerzuspiegeln.<\/p>\t\t\t\t\t\t<\/div>\n\t\t\t\t<\/div>\n\t\t\t\t<\/div>\n\t\t\t\t\t<\/div>\n\t\t\t\t<\/div>\n\t\t\t\t<\/div>\n\t\t","protected":false},"excerpt":{"rendered":"<p>Sich als Osteopath in der franz\u00f6sischen Schweiz niederlassen &#8211; Leitfaden 2025 Ihr praktischer Leitfaden f\u00fcr die Aus\u00fcbung der Osteopathie in der Schweiz. Umfassendund integrativ richtet er sich an : in der Schweizdiplomierte Osteopathen , die sich nach ihrer Ausbildung niederlassen m\u00f6chten; ausl\u00e4ndische Osteopathen , die in der franz\u00f6sischen Schweiz praktizieren m\u00f6chten; Personen, die sich beruflich [&hellip;]<\/p>\n","protected":false},"author":3,"featured_media":0,"parent":0,"menu_order":0,"comment_status":"closed","ping_status":"closed","template":"","meta":{"_acf_changed":false,"footnotes":""},"class_list":["post-3611","page","type-page","status-publish","hentry"],"acf":[],"_links":{"self":[{"href":"https:\/\/association-osteo-swiss.ch\/de\/wp-json\/wp\/v2\/pages\/3611","targetHints":{"allow":["GET"]}}],"collection":[{"href":"https:\/\/association-osteo-swiss.ch\/de\/wp-json\/wp\/v2\/pages"}],"about":[{"href":"https:\/\/association-osteo-swiss.ch\/de\/wp-json\/wp\/v2\/types\/page"}],"author":[{"embeddable":true,"href":"https:\/\/association-osteo-swiss.ch\/de\/wp-json\/wp\/v2\/users\/3"}],"replies":[{"embeddable":true,"href":"https:\/\/association-osteo-swiss.ch\/de\/wp-json\/wp\/v2\/comments?post=3611"}],"version-history":[{"count":5,"href":"https:\/\/association-osteo-swiss.ch\/de\/wp-json\/wp\/v2\/pages\/3611\/revisions"}],"predecessor-version":[{"id":3653,"href":"https:\/\/association-osteo-swiss.ch\/de\/wp-json\/wp\/v2\/pages\/3611\/revisions\/3653"}],"wp:attachment":[{"href":"https:\/\/association-osteo-swiss.ch\/de\/wp-json\/wp\/v2\/media?parent=3611"}],"curies":[{"name":"wp","href":"https:\/\/api.w.org\/{rel}","templated":true}]}}