{"id":2712,"date":"2024-09-04T13:47:08","date_gmt":"2024-09-04T11:47:08","guid":{"rendered":"https:\/\/association-osteo-swiss.ch\/trova-un-terapeuta\/"},"modified":"2025-02-25T10:22:31","modified_gmt":"2025-02-25T09:22:31","slug":"trova-un-terapeuta","status":"publish","type":"page","link":"https:\/\/association-osteo-swiss.ch\/it\/trova-un-terapeuta\/","title":{"rendered":"Trova un terapeuta"},"content":{"rendered":"\t\t<div data-elementor-type=\"wp-page\" data-elementor-id=\"2712\" class=\"elementor elementor-2712 elementor-23\" data-elementor-post-type=\"page\">\n\t\t\t\t<div class=\"elementor-element elementor-element-752ecef e-flex e-con-boxed e-con e-parent\" data-id=\"752ecef\" data-element_type=\"container\">\n\t\t\t\t\t<div class=\"e-con-inner\">\n\t\t\t\t<div class=\"elementor-element elementor-element-3eea5ff elementor-widget elementor-widget-spacer\" data-id=\"3eea5ff\" data-element_type=\"widget\" data-widget_type=\"spacer.default\">\n\t\t\t\t<div class=\"elementor-widget-container\">\n\t\t\t\t\t<div class=\"elementor-spacer\">\n\t\t\t<div class=\"elementor-spacer-inner\"><\/div>\n\t\t<\/div>\n\t\t\t\t<\/div>\n\t\t\t\t<\/div>\n\t\t\t\t\t<\/div>\n\t\t\t\t<\/div>\n\t\t<div class=\"elementor-element elementor-element-8b39149 e-flex e-con-boxed e-con e-parent\" data-id=\"8b39149\" data-element_type=\"container\" data-settings=\"{&quot;background_background&quot;:&quot;classic&quot;}\">\n\t\t\t\t\t<div class=\"e-con-inner\">\n\t\t\t\t<div class=\"elementor-element elementor-element-5d9830d elementor-widget elementor-widget-heading\" data-id=\"5d9830d\" data-element_type=\"widget\" data-widget_type=\"heading.default\">\n\t\t\t\t<div class=\"elementor-widget-container\">\n\t\t\t<h2 class=\"elementor-heading-title elementor-size-default\">Trova un terapeuta<\/h2>\t\t<\/div>\n\t\t\t\t<\/div>\n\t\t\t\t<div class=\"elementor-element elementor-element-a638617 elementor-widget__width-initial elementor-widget-mobile__width-inherit elementor-widget elementor-widget-text-editor\" data-id=\"a638617\" data-element_type=\"widget\" data-widget_type=\"text-editor.default\">\n\t\t\t\t<div class=\"elementor-widget-container\">\n\t\t\t\t\t\t\t<p>Usa la barra di ricerca qui sotto per trovare il terapeuta pi\u00f9 adatto a te.<\/p>\n\t\t\t\t\t\t<\/div>\n\t\t\t\t<\/div>\n\t\t\t\t\t<\/div>\n\t\t\t\t<\/div>\n\t\t<div class=\"elementor-element elementor-element-db01c1c e-flex e-con-boxed e-con e-parent\" data-id=\"db01c1c\" data-element_type=\"container\" data-settings=\"{&quot;background_background&quot;:&quot;classic&quot;}\">\n\t\t\t\t\t<div class=\"e-con-inner\">\n\t\t\t\t<div class=\"elementor-element elementor-element-709aa72 elementor-widget elementor-widget-eael-advanced-data-table\" data-id=\"709aa72\" data-element_type=\"widget\" data-widget_type=\"eael-advanced-data-table.default\">\n\t\t\t\t<div class=\"elementor-widget-container\">\n\t\t\t<div class=\"ea-advanced-data-table-wrap\" data-id=\"709aa72\"><div class=\"ea-advanced-data-table-search-wrap ea-advanced-data-table-search-left\"><input type=\"search\" placeholder=\"Ricerca\" class=\"ea-advanced-data-table-search\"><\/div><div class=\"ea-advanced-data-table-wrap-inner\">\n                <table class=\"ea-advanced-data-table ea-advanced-data-table-ninja ea-advanced-data-table-709aa72 ea-advanced-data-table-paginated ea-advanced-data-table-searchable\" data-id=\"709aa72\" data-items-per-page=\"16\"><thead><tr><th>Nom<\/th><th>Pr\u00e9nom<\/th><th>Adresse<\/th><th>NPA<\/th><th>Ville<\/th><th>T\u00e9l\u00e9phone<\/th><th>Canton<\/th><\/tr><\/thead><tbody><tr><td>LEBET-BACHMANN<\/td><td>Priska<\/td><td>Chemin de l\u2019Ancienne Fontaine 3<\/td><td>1292<\/td><td>CHAMBESY<\/td><td>078\/ 621 16 01<\/td><td>GE<\/td><\/tr><tr><td>MICHAUD-NERARD<\/td><td>Pierre<\/td><td>Route de St Maurice 75<\/td><td>1814 <\/td><td>LA TOUR DE  PEILZ<\/td><td>078\/ 210 35 45<\/td><td>VD<\/td><\/tr><tr><td>LAVANCHY-MEYER<\/td><td>Sybille<\/td><td>En M\u00e9traude 4 A<\/td><td>1073 <\/td><td>SAVIGNY<\/td><td>021\/ 624 06 26<\/td><td>VD<\/td><\/tr><tr><td>SANDOZ<\/td><td>V\u00e9ronique<\/td><td>Rue de la R\u00f4tisserie 8<\/td><td>1204<\/td><td>GENEVE<\/td><td>079 602 99 42<\/td><td>GE<\/td><\/tr><tr><td>AERNI<\/td><td>Christian<\/td><td>Fief du Chapitre 8<\/td><td>1213<\/td><td>PETIT LANCY<\/td><td>078\/ 677 36 78<\/td><td>GE<\/td><\/tr><tr><td>ALLET<\/td><td>Sandra<\/td><td>Av. de la Gare 86<\/td><td>1022<\/td><td>CHAVANNES-PR\u00c8S-RENENS<\/td><td>079\/ 280 10 45<\/td><td>VD<\/td><\/tr><tr><td>ALLET<\/td><td>Sandra<\/td><td>Chemin de Champ Pevy 8<\/td><td>1092<\/td><td>BELMONT S\/ LAUSANNE<\/td><td>079\/ 280 10 45<\/td><td>VD<\/td><\/tr><tr><td>BAECHTOLD<\/td><td>Philippe<\/td><td>Rue de Gen\u00e8ve 148 bis<\/td><td>1226<\/td><td>THONEX<\/td><td>022\/ 349.49.75<\/td><td>GE<\/td><\/tr><tr><td>BAERTSCHI<\/td><td>Paul<\/td><td>Rue Henri Golay 1<\/td><td>1203<\/td><td>GENEVE<\/td><td>022\/ 797 17 86<\/td><td>GE<\/td><\/tr><tr><td>BARRAGAN<\/td><td>Ariel.E<\/td><td>Quai du cheval Blanc 11<\/td><td>1227<\/td><td>LES ACACIAS<\/td><td>022\/ 301 44 40<\/td><td>GE<\/td><\/tr><tr><td>BARRAS<\/td><td>Pierre<\/td><td>Place de Beaulieu 10<\/td><td>3960<\/td><td>SIERRE<\/td><td>027\/ 456 70 00<\/td><td>VS<\/td><\/tr><tr><td>BARTHASSAT<\/td><td>Julien<\/td><td>Rue Vautier 5<\/td><td>1227<\/td><td>CAROUGE<\/td><td>079\/ 410 15 69<\/td><td>GE<\/td><\/tr><tr><td>BEIRNAERT<\/td><td>St\u00e9phane<\/td><td>Route de Divonne 44<\/td><td>1260<\/td><td>NYON<\/td><td>022\/ 361 02 91<\/td><td>VD<\/td><\/tr><tr><td>BENEY<\/td><td>Jacques<\/td><td>Rue de la Terrassi\u00e8re 58<\/td><td>1207<\/td><td>GENEVE<\/td><td>079\/ 342 67 04<\/td><td>GE<\/td><\/tr><tr><td>BERNETTI<\/td><td>Luca<\/td><td>Route de Soleure 14<\/td><td>2525<\/td><td>LE LANDERON<\/td><td>032\/ 751 51 71<\/td><td>NE<\/td><\/tr><tr><td>BOTTARI<\/td><td>Thierry<\/td><td>Rue du L\u00e9opard 1<\/td><td>1227<\/td><td>CAROUGE<\/td><td>022\/ 343 10 90<\/td><td>GE<\/td><\/tr><tr><td>BROHY<\/td><td>Marc<\/td><td>Rue du coll\u00e8ge 2<\/td><td>1844<\/td><td>VILLENEUVE<\/td><td>021\/ 960 40 00<\/td><td>VD<\/td><\/tr><tr><td>BRUNISSO<\/td><td>Rapha\u00ebl<\/td><td>Route du Bois 17<\/td><td>1024<\/td><td>ECUBLENS<\/td><td>021\/ 691 76 54<\/td><td>VD<\/td><\/tr><tr><td>CHABOT<\/td><td>Olivier<\/td><td>Rue J. Grosselin 25<\/td><td>1227<\/td><td>CAROUGE<\/td><td>022\/ 343 88 33<\/td><td>GE<\/td><\/tr><tr><td>CHALANT<\/td><td>Marie-No\u00eblle<\/td><td>Barri\u00e8res 2 - CP 185<\/td><td>1907<\/td><td>SAXON<\/td><td>027\/ 744 33 44<\/td><td>VS<\/td><\/tr><tr><td>CICOGNA<\/td><td>Giancarlo<\/td><td>Via Luganetto 4<\/td><td>6962<\/td><td>LUGANO<\/td><td>091\/ 9711 011<\/td><td>TI<\/td><\/tr><tr><td>COLOMBO<\/td><td>Fr\u00e9d\u00e9ric<\/td><td>Rue du Conseil-G\u00e9n\u00e9ral 10<\/td><td>1205<\/td><td>GENEVE<\/td><td>022\/ 320 75 72<\/td><td>GE<\/td><\/tr><tr><td>COSTE<\/td><td>Pascal<\/td><td>Allmend Strasse 1<\/td><td>6300<\/td><td>ZUG<\/td><td>041\/ 711 67 70<\/td><td>ZG<\/td><\/tr><tr><td>CUERO-PREGO<\/td><td>Susana<\/td><td>Rue Caroline 15<\/td><td>1227<\/td><td>GENEVE<\/td><td>078 744 50 17<\/td><td>GE<\/td><\/tr><tr><td>DARQUENNES<\/td><td>Jean-Philippe<\/td><td>Ecluse 34<\/td><td>2000<\/td><td>NEUCHATEL<\/td><td>032\/ 721 21 40<\/td><td>NE<\/td><\/tr><tr><td>DAVILA<\/td><td>Diana<\/td><td>Avenue C-F Ramuz 119<\/td><td>1009<\/td><td>PULLY<\/td><td>021\/ 728 83 86<\/td><td>VD<\/td><\/tr><tr><td>DE NOBILI<\/td><td>Mario<\/td><td>Ch.des Clochetons 4 bis<\/td><td>1004<\/td><td>LAUSANNE<\/td><td>021\/ 625 17 25<\/td><td>VD<\/td><\/tr><tr><td>DESSEYNE - LAMBRECQ<\/td><td>Anne-Fran\u00e7oise<\/td><td>Place du 23 juin 10<\/td><td>2350<\/td><td>SAIGNELEGIER<\/td><td>032\/ 951 35 40<\/td><td>JU<\/td><\/tr><tr><td>DHENIN<\/td><td>Thierry<\/td><td>Rue du Maupas 6<\/td><td>1004<\/td><td>LAUSANNE<\/td><td>021\/ 312 02 38<\/td><td>VD<\/td><\/tr><tr><td>FAVRE<\/td><td>Daniel<\/td><td>Chemin de la P\u00e9pini\u00e8re 10<\/td><td>1213<\/td><td>PETIT-LANCY<\/td><td>022\/ 792 79 63<\/td><td>GE<\/td><\/tr><tr><td>FELLAY<\/td><td>Christian<\/td><td>Chemin des Bossons 1- 1B<\/td><td>1018<\/td><td>LAUSANNE<\/td><td>021\/ 648 34 80<\/td><td>VD<\/td><\/tr><tr><td>FL\u00dcCKIGER<\/td><td>Georges<\/td><td>Chemin des Fraisiers 7<\/td><td>1212<\/td><td>GRAND LANCY<\/td><td>022 343 00 40<\/td><td>GE<\/td><\/tr><tr><td>FONTAINE<\/td><td>Philippe<\/td><td>Ch de Pierre-aux-Oies 15<\/td><td>1376<\/td><td>GOUMOENS-LA-VILLE<\/td><td>078 850 13 43<\/td><td>VD<\/td><\/tr><tr><td>GAGLIARDI<\/td><td>Maryline<\/td><td>Ch. de la For\u00eat 31<\/td><td>1791<\/td><td>COURTAMAN<\/td><td>076 647 06 86<\/td><td>FR<\/td><\/tr><tr><td>FRESARD<\/td><td>Thomas<\/td><td>Rue de Berne 3<\/td><td>1201<\/td><td>GENEVE<\/td><td>022 731 19 45<\/td><td>GE<\/td><\/tr><tr><td>GAUTHIER<\/td><td>Sylvain<\/td><td>Rue des Alisiers 35<\/td><td>2340<\/td><td>LE NOIRMONT<\/td><td>032 953 20 92<\/td><td>JU<\/td><\/tr><tr><td>GENTON<\/td><td>Pierre<\/td><td>Unterdorfstrasse 2<\/td><td>9230<\/td><td>FLAWIL<\/td><td>071\/ 393 13 33<\/td><td>SG<\/td><\/tr><tr><td>GLATZ<\/td><td>Daniel<\/td><td>Avenue Florimont 3<\/td><td>1006<\/td><td>LAUSANNE<\/td><td>021 320 52 16<\/td><td>VD<\/td><\/tr><tr><td>GLOOR<\/td><td>Bernard<\/td><td>Rte du Bois 17<\/td><td>1024<\/td><td>ECUBLENS<\/td><td>021\/ 691 76 54<\/td><td>VD<\/td><\/tr><tr><td>GOUMAZ<\/td><td>Jean<\/td><td>Rue de la Madeleine 29<\/td><td>1800<\/td><td>VEVEY<\/td><td>021\/ 921 09 70<\/td><td>VD<\/td><\/tr><tr><td>HAHN - COLIN<\/td><td>Colette<\/td><td>Rue du Petit Berne 14<\/td><td>2035<\/td><td>CORCELLES<\/td><td>032 727 11 00<\/td><td>NE<\/td><\/tr><tr><td>HENZI<\/td><td>Eric<\/td><td>Case Postale 1044<\/td><td>3963<\/td><td>CRANS MONTANA<\/td><td>027\/ 481 35 64<\/td><td>VS<\/td><\/tr><tr><td>HINDERLING<\/td><td>Simone<\/td><td>Rue des Marchandises 2<\/td><td>2502<\/td><td>BIENNE<\/td><td>032\/ 322 47 66<\/td><td>BE<\/td><\/tr><tr><td>HUGUENIN<\/td><td>Patrick<\/td><td>Plaine 5<\/td><td>1400<\/td><td>YVERDON<\/td><td>024\/ 425 59 01<\/td><td>VD<\/td><\/tr><tr><td>IRIGOYEN<\/td><td>No\u00e9mie<\/td><td>345 route de Lausanne<\/td><td>1294<\/td><td>GENTHOD<\/td><td>076 310 40 00<\/td><td>GE<\/td><\/tr><tr><td>JAMOTTE FLUCHARD<\/td><td>Viviane<\/td><td>Les P\u00e9riades - Place du Centenaire<\/td><td>1884<\/td><td>VILLARS- SUR-OLLON<\/td><td>024 495 10 04<\/td><td>VD<\/td><\/tr><tr><td>JAQUES<\/td><td>Bertrand<\/td><td>Route de Suisse 95<\/td><td>1290<\/td><td>VERSOIX<\/td><td>022\/ 755 52 18<\/td><td>GE<\/td><\/tr><tr><td>JENDLY<\/td><td>Marc<\/td><td>Chemin des Vergers 1<\/td><td>1162<\/td><td>SAINT-PREX<\/td><td>021\/ 806 44 00<\/td><td>VD<\/td><\/tr><tr><td>KHALDI<\/td><td>Driss<\/td><td>Avenue G\u00e9n\u00e9ral Guisan 26<\/td><td>1800<\/td><td>VEVEY<\/td><td>021 922 11 88<\/td><td>VD<\/td><\/tr><tr><td>LOUTAN<\/td><td>Damien<\/td><td>Rue Vautier 5<\/td><td>1227<\/td><td>CAROUGE<\/td><td>022 301 77 22<\/td><td>GE<\/td><\/tr><tr><td>MAILLARD<\/td><td>Denis<\/td><td>Chemin de Renens 53<\/td><td>1004<\/td><td>LAUSANNE<\/td><td>021\/ 624 06 27<\/td><td>VD<\/td><\/tr><tr><td>MARTHE-GUTTLY<\/td><td>Corinne<\/td><td>Chemin de Saussac 65<\/td><td>1256<\/td><td>TROINEX<\/td><td>022\/ 301 00 30<\/td><td>GE<\/td><\/tr><tr><td>MATTHEY<\/td><td>Jane<\/td><td>Chemin des Cerisiers 3<\/td><td>1564<\/td><td>DOMDIDIER<\/td><td>079 378 79 46<\/td><td>VD<\/td><\/tr><tr><td>MERCIER Mbr.Honneur<\/td><td>Philippe<\/td><td>Route de Cossonay 3<\/td><td>1040<\/td><td>ECHALLENS<\/td><td><\/td><td>VD<\/td><\/tr><tr><td>MEYLAN<\/td><td>Fran\u00e7ois<\/td><td>Place Gd.St-Jean 1<\/td><td>1003<\/td><td>LAUSANNE<\/td><td>021\/ 323 31 20<\/td><td>VD<\/td><\/tr><tr><td>MIGNON<\/td><td>Jacques<\/td><td>Avenue de Rumine 21<\/td><td>1005<\/td><td>LAUSANNE<\/td><td>021\/ 311 83 02<\/td><td>VD<\/td><\/tr><tr><td>MOILLEN<\/td><td>Britt<\/td><td>Roche Grise<\/td><td>1854<\/td><td>LEYSIN<\/td><td>024\/494 28 51<\/td><td>VD<\/td><\/tr><tr><td>MORET<\/td><td>G\u00e9rald<\/td><td>Rue de Berne 3<\/td><td>1201<\/td><td>GENEVE<\/td><td>022 731 03 51<\/td><td>GE<\/td><\/tr><tr><td>NYKIEL<\/td><td>Gr\u00e9gory<\/td><td>Avenue des Grottes 67<\/td><td>1201<\/td><td>GENEVE<\/td><td>022 510 50 95<\/td><td>GE<\/td><\/tr><tr><td>ORTELLI<\/td><td>Paolo<\/td><td>Via San Gottardo 59<\/td><td>6828<\/td><td>BALERNA<\/td><td>091682 47 38<\/td><td>TI<\/td><\/tr><tr><td>PAGANO<\/td><td>Pascal<\/td><td>Avenue des Grottes 67<\/td><td>1201<\/td><td>GENEVE<\/td><td>022 510 50 95<\/td><td>GE<\/td><\/tr><tr><td>PEGUIRON<\/td><td>Nicole<\/td><td>Place Bel Air 2<\/td><td>1003<\/td><td>LAUSANNE<\/td><td>021 311 77 10<\/td><td><\/td><\/tr><tr><td>PEGUIRON<\/td><td>Nicole<\/td><td>Route de Pal\u00e9zieux 13<\/td><td>1610<\/td><td>ORON-LA-VILLE<\/td><td><\/td><td>VD<\/td><\/tr><tr><td>PEKACZOVA<\/td><td>Ilona<\/td><td>Chemin de Rov\u00e9r\u00e9az 5<\/td><td>1012<\/td><td>LAUSANNE<\/td><td>079 715 92 52<\/td><td>VD<\/td><\/tr><tr><td>PETITJEAN<\/td><td>Patrick<\/td><td>Lccps, Chemin de Thury 7<\/td><td>1206<\/td><td>GENEVE<\/td><td>022 702 25 63<\/td><td>GE<\/td><\/tr><tr><td>PIZZERA-DUFOUR<\/td><td>H\u00e9l\u00e8ne<\/td><td>Temple Neuf 1<\/td><td>2000<\/td><td>NEUCHATEL<\/td><td>032 724 72 82<\/td><td>NE<\/td><\/tr><tr><td>POCHON<\/td><td>Philippe<\/td><td>Rue de la Sionge 23<\/td><td>1630<\/td><td>BULLE<\/td><td>078 770 19 04<\/td><td>FR<\/td><\/tr><tr><td>PONCINI<\/td><td>L\u00e9onard<\/td><td>Quai du cheval Blancs 2<\/td><td>1227<\/td><td>CAROUGE<\/td><td>079 538 78 25<\/td><td>GE<\/td><\/tr><tr><td>RAMPA<\/td><td>Nicola<\/td><td>Via Besso 9<\/td><td>6900<\/td><td>LUGANO<\/td><td>091 967 66 65<\/td><td>TI<\/td><\/tr><tr><td>REICHENBACH<\/td><td>Max<\/td><td>Grand Rue 16<\/td><td>1630<\/td><td>BULLE<\/td><td>026 912 22 15<\/td><td>FR<\/td><\/tr><tr><td>RESIN<\/td><td>Thierry<\/td><td>Route de Vallaire 3<\/td><td>1025<\/td><td>SAINT SULPICE<\/td><td>021\/691 10 22<\/td><td>VD<\/td><\/tr><tr><td>REY LESCURE<\/td><td>Arnaud<\/td><td>Grand Rue 8<\/td><td>1820<\/td><td>MONTREUX<\/td><td>021\/ 963 83 83<\/td><td>VD<\/td><\/tr><tr><td>RICARD<\/td><td>Marie H\u00e9l\u00e8ne<\/td><td>Rue des Boudines 17<\/td><td>1217<\/td><td>MEYRIN<\/td><td>022 782 48 33<\/td><td>GE<\/td><\/tr><tr><td>ROMANG L\u2019HOSTE<\/td><td>Christine<\/td><td>Avenue Villamont 19<\/td><td>1005<\/td><td>LAUSANNE<\/td><td>021\/ 311 47 11<\/td><td>VD<\/td><\/tr><tr><td>ROSSIER<\/td><td>Fran\u00e7ois<\/td><td>Grand Rue 1<\/td><td>2000<\/td><td>NEUCHATEL<\/td><td>032 725 05 10<\/td><td>NE<\/td><\/tr><tr><td>SCHAEFER Mbr.Honneur<\/td><td>Roger<\/td><td>Chemin de Lallex 13<\/td><td>1603<\/td><td>GRANDVAUX<\/td><td>021 799 20 43<\/td><td>VD<\/td><\/tr><tr><td>SCHLACHTER<\/td><td>Ester<\/td><td>Route des Chataigniers 24c<\/td><td>1816<\/td><td>CHAILLY S\/Montreux<\/td><td>079\/ 436 78 18<\/td><td>VD<\/td><\/tr><tr><td>SCHULER<\/td><td>Nick<\/td><td>Route des Deux Villages 1<\/td><td>1806<\/td><td>SAINT LEGIER<\/td><td>021\/ 943 18 54<\/td><td>VD<\/td><\/tr><tr><td>SHEPPARD<\/td><td>Ann<\/td><td>Avenue Vinet 19<\/td><td>1004<\/td><td>LAUSANNE<\/td><td>021 646 70 70<\/td><td>VD<\/td><\/tr><tr><td>SOEUR-SEEGER<\/td><td>Genevi\u00e8ve<\/td><td>Chemin de la Covatannaz 8<\/td><td>1032<\/td><td>ROMANEL S\/ Lausanne<\/td><td>021 647 99 89<\/td><td>VD<\/td><\/tr><tr><td>STIHL<\/td><td>Laurent<\/td><td>Rue G\u00e9n\u00e9ral Dufour 19<\/td><td>1204<\/td><td>GENEVE<\/td><td>022 328 28 40<\/td><td>GE<\/td><\/tr><tr><td>THORNHILL<\/td><td>Harry<\/td><td>Chemin M\u00e9tiers 2<\/td><td>1008<\/td><td>PRILLY<\/td><td>021\/ 624 34 22<\/td><td>VD<\/td><\/tr><tr><td>TOUATI<\/td><td>Jean<\/td><td>Florimont 8<\/td><td>1006<\/td><td>LAUSANNE<\/td><td>021\/312 35 22<\/td><td>VD<\/td><\/tr><tr><td>VEUILLET<\/td><td>David<\/td><td>Chemin des Vignes 19<\/td><td>1213<\/td><td>PETIT-LANCY<\/td><td>022 793 31 00<\/td><td>GE<\/td><\/tr><tr><td>VILLARD<\/td><td>Mich\u00e8le<\/td><td>Charpentiers 24A<\/td><td>1110<\/td><td>MORGES<\/td><td>021 802 07 87<\/td><td>VD<\/td><\/tr><tr><td>WAURICK<\/td><td>Matthias<\/td><td>Chemin du Champ-d'Anier 17<\/td><td>1209<\/td><td>GENEVE<\/td><td>022 300 66 66<\/td><td>GE<\/td><\/tr><tr><td>WOHLWEND<\/td><td>Fabien<\/td><td>Avenue Industrielle 1<\/td><td>1227<\/td><td>CAROUGE<\/td><td>022 732 10 43<\/td><td>GE<\/td><\/tr><tr><td>VATIN<\/td><td>Fran\u00e7ois<\/td><td>Route de Malagnou 53<\/td><td>1208<\/td><td>GENEVE<\/td><td>022 552 30 30<\/td><td>GE<\/td><\/tr><tr><td>BR\u00dcLISAUER<\/td><td>Aline <\/td><td>Osteopathie Ostschweiz - Therapie im Wolfganghof<\/td><td>9014<\/td><td>ST.GALLEN<\/td><td>078 786 39 33<\/td><td>SG<\/td><\/tr><tr><td>LE BORGNE<\/td><td>Logan<\/td><td>Rue des Alpes 11 Fribour<\/td><td>1700<\/td><td>FRIBOURG<\/td><td>0799121297<\/td><td>Fr<\/td><\/tr><tr><td>HERTER<\/td><td>Jules<\/td><td>Boulevard de P\u00e9rolles 26 <\/td><td>1700<\/td><td>FRIBOURG<\/td><td>0788586833<\/td><td>FR<\/td><\/tr><tr><td>FEDERER<\/td><td>Carol <\/td><td>Merkurstrasse 4<\/td><td>9000<\/td><td>ST.GALLEN<\/td><td>078 888 31 37<\/td><td>SG<\/td><\/tr><tr><td>VAUCHER<\/td><td>Sylvain<\/td><td>Route des Arsenaux, 26 <\/td><td>1700<\/td><td>FRIBOURG<\/td><td>0791558825<\/td><td>FR<\/td><\/tr><tr><td>MARCHESINI<\/td><td>Francesca<\/td><td>Rue du Mont-Blanc 21<\/td><td>1201<\/td><td>GENEVE<\/td><td>0795592472<\/td><td>GE<\/td><\/tr><tr><td>SIMONET-THEUX<\/td><td>Claire <\/td><td>Rue du Scex, 2<\/td><td>1950<\/td><td>SION<\/td><td>0774851125<\/td><td>VS<\/td><\/tr><tr><td>ESER<\/td><td>Simon <\/td><td>Av. Jean-Gambach,5<\/td><td>1700<\/td><td>FRIBOURG<\/td><td>0794836285<\/td><td>FR<\/td><\/tr><tr><td>CALDERARA<\/td><td>Federica <\/td><td>Ch. des Coumenets 8<\/td><td>1000<\/td><td>LAUSANNE<\/td><td>0792029851<\/td><td>VD<\/td><\/tr><tr><td>RIBEIRO COSTA<\/td><td>Andr\u00e9<\/td><td>P\u00e9rolles d'En Haut 9<\/td><td>1752<\/td><td>VILLARS-SUR-GL\u00c2NE<\/td><td>0789146490<\/td><td>FR<\/td><\/tr><tr><td>PETER<\/td><td>Sina <\/td><td>L\u00e4mmliweg 14<\/td><td>8706 <\/td><td>MEILEN<\/td><td>0793433365<\/td><td>ZH<\/td><\/tr><tr><td>DESSAUX<\/td><td>Alexandre<\/td><td>Grand-Rue 50<\/td><td>1820<\/td><td>MONTREUX<\/td><td>0786793505<\/td><td>VD<\/td><\/tr><tr><td>BOUCHARD<\/td><td>Am\u00e9lie <\/td><td>route des plaines du loup, 43<\/td><td>1018<\/td><td>LAUSANNE <\/td><td>0765464448<\/td><td>VD<\/td><\/tr><tr><td>RUI PEREIRA<\/td><td>Almeida<\/td><td>Chemin des Vernes 35<\/td><td>1936<\/td><td>VERBIER<\/td><td>0788186420<\/td><td>VS<\/td><\/tr><tr><td>FAVRE<\/td><td>Nico<\/td><td>Aveneue des Grottes, 67<\/td><td>1201<\/td><td>GENEVE<\/td><td>0033614042687<\/td><td>GE<\/td><\/tr><tr><td>CHOLLET<\/td><td>Tiphaine<\/td><td>Avenue des grottes, 67<\/td><td>1201<\/td><td>GENEVE<\/td><td>0033604000965<\/td><td>GE<\/td><\/tr><tr><td>BR\u00dcLISAUER<\/td><td>Aline<\/td><td>Alpsteinstrasse 2c Berg<\/td><td>8572<\/td><td>Thurgau<\/td><td>078 786 39 33<\/td><td>TG<\/td><\/tr><tr><td>CHAUBERT<\/td><td>Maude <\/td><td>Chemin des M\u00e9sanges 6<\/td><td>1700<\/td><td>FRIBOURG<\/td><td>0792998628<\/td><td>FR<\/td><\/tr><tr><td>BRISCHOUX<\/td><td>Jeanne<\/td><td>Rue de la Cond\u00e9mine 24 Moutier<\/td><td>2740<\/td><td>MOUTIER<\/td><td>076 504 12 60<\/td><td>JU<\/td><\/tr><tr><td>PASCUAL<\/td><td>C\u00e9lia <\/td><td>Espace 7,\u00a0Rue de Cossonay 7<\/td><td>1023 Crissier-Village<\/td><td>CRISSIER-VILLAGE<\/td><td>0041795741804<\/td><td>VD<\/td><\/tr><tr><td>NUSSBAUME<\/td><td>Jules <\/td><td>Avenue de sevelin, 13A<\/td><td>1004<\/td><td>LAUSANNE<\/td><td>0762151063<\/td><td>VD<\/td><\/tr><tr><td>ALGOUD <\/td><td>Pierrig<\/td><td>Avenue Vingt-Quatre-Janvier, 8<\/td><td>1004<\/td><td>LAUSANNE<\/td><td>+33 7 81 82 61 57<\/td><td>VD<\/td><\/tr><tr><td>NAEF <\/td><td>Fran\u00e7ois <\/td><td>Chemin de la Fontaine 2<\/td><td>1260<\/td><td>NYON<\/td><td>0223435778<\/td><td>VD<\/td><\/tr><tr><td>GORCHYNSKYY<\/td><td>Vladyslav <\/td><td>Av. des Grottes 67<\/td><td>1201<\/td><td>GENEVE<\/td><td>0783059119<\/td><td>GE<\/td><\/tr><tr><td>PETIT<\/td><td>Romain<\/td><td>Avenue des grottes, 67<\/td><td>1201<\/td><td>GENEVE<\/td><td>+33781714599<\/td><td>GE<\/td><\/tr><tr><td>DALMASSO<\/td><td>Alexis <\/td><td>avenue des Grottes 67<\/td><td>1201<\/td><td>GENEVE<\/td><td>0033677560827<\/td><td>GE<\/td><\/tr><tr><td>BOSSON<\/td><td>Fr\u00e9d\u00e9ric<\/td><td>Route de Corbi\u00e8res 23<\/td><td>1632<\/td><td>RIAZ<\/td><td>0796694715\u00a0<\/td><td>FR<\/td><\/tr><tr><td>Mounier <\/td><td>Ma\u00eblle<\/td><td>Avenue de la Gare 10<\/td><td>1630<\/td><td>BULLE<\/td><td>0787955292<\/td><td>FR<\/td><\/tr><tr><td>REUSS<\/td><td>Mona<\/td><td>Langgr\u00fctstrasse 112<\/td><td>8047<\/td><td>Z\u00dcRICH<\/td><td>0797333019<\/td><td>ZH<\/td><\/tr><tr><td>MOOS<\/td><td>Audrey<\/td><td>Chemin de Maillefer 47<\/td><td>1052<\/td><td>Le Mont-sur-Lausanne<\/td><td>0786448849<\/td><td>VD<\/td><\/tr><\/tbody><\/table>\n            <\/div><div class=\"ea-advanced-data-table-pagination ea-advanced-data-table-pagination-button clearfix\"><\/div><\/div>\t\t<\/div>\n\t\t\t\t<\/div>\n\t\t\t\t\t<\/div>\n\t\t\t\t<\/div>\n\t\t\t\t<\/div>\n\t\t","protected":false},"excerpt":{"rendered":"<p>Trova un terapeuta Usa la barra di ricerca qui sotto per trovare il terapeuta pi\u00f9 adatto a te. Nom Pr\u00e9nom Adresse NPA Ville T\u00e9l\u00e9phone Canton SANDOZ V\u00e9ronique Rue de la R\u00f4tisserie 8 1204 GENEVE 079 602 99 42 GE AERNI Christian Fief du Chapitre 8 1213 PETIT LANCY 078\/ 677 36 78 GE ALLET Sandra [&hellip;]<\/p>\n","protected":false},"author":5,"featured_media":0,"parent":0,"menu_order":0,"comment_status":"closed","ping_status":"closed","template":"","meta":{"_acf_changed":false,"footnotes":""},"class_list":["post-2712","page","type-page","status-publish","hentry"],"acf":[],"_links":{"self":[{"href":"https:\/\/association-osteo-swiss.ch\/it\/wp-json\/wp\/v2\/pages\/2712","targetHints":{"allow":["GET"]}}],"collection":[{"href":"https:\/\/association-osteo-swiss.ch\/it\/wp-json\/wp\/v2\/pages"}],"about":[{"href":"https:\/\/association-osteo-swiss.ch\/it\/wp-json\/wp\/v2\/types\/page"}],"author":[{"embeddable":true,"href":"https:\/\/association-osteo-swiss.ch\/it\/wp-json\/wp\/v2\/users\/5"}],"replies":[{"embeddable":true,"href":"https:\/\/association-osteo-swiss.ch\/it\/wp-json\/wp\/v2\/comments?post=2712"}],"version-history":[{"count":3,"href":"https:\/\/association-osteo-swiss.ch\/it\/wp-json\/wp\/v2\/pages\/2712\/revisions"}],"predecessor-version":[{"id":3058,"href":"https:\/\/association-osteo-swiss.ch\/it\/wp-json\/wp\/v2\/pages\/2712\/revisions\/3058"}],"wp:attachment":[{"href":"https:\/\/association-osteo-swiss.ch\/it\/wp-json\/wp\/v2\/media?parent=2712"}],"curies":[{"name":"wp","href":"https:\/\/api.w.org\/{rel}","templated":true}]}}